{"id":62,"date":"2025-07-27T11:47:03","date_gmt":"2025-07-27T04:47:03","guid":{"rendered":"https:\/\/hpmarine.builderfly.net\/?page_id=62"},"modified":"2025-07-31T16:16:10","modified_gmt":"2025-07-31T09:16:10","slug":"tuyen-dung-dao-tao-thuyen-vien","status":"publish","type":"page","link":"https:\/\/hpmarine.builderfly.net\/en\/tuyen-dung-dao-tao-thuyen-vien\/","title":{"rendered":"Recruitment and Training of Seafarers"},"content":{"rendered":"<p>Recruitment, training, and continuous professional development of seafarers in compliance with shipowners\u2019 requirements and the International Convention on Standards of Training, Certification and Watchkeeping for Seafarers (STCW 1978\/2010).<\/p>\n<h2>Maritime Training and Certification Courses for Seafarers:<\/h2>\n<h3>I \u2013 Electronic Chart Display and Information System (ECDIS) Training Course<\/h3>\n<p>In partnership with EPSILON HELLAS Group, HP MARINE has equipped an online training computer system to provide ECDIS certification for seafarers, using FURUNO models including:<\/p>\n<p>1. FURUNO FEA 2017\/2018 NavSkills CAT (Computer Aid Training)<\/p>\n<p>2. FURUNO FMD 3100\/3200\/3300 \u2013 CBT (Online).<\/p>\n<p>HP MARINE continuously enrolls and trains seafarers at the company\u2019s training facility.<\/p>\n<h3>II \u2013 Maritime English Training Course<\/h3>\n<p>In collaboration with the Vietnam Seafarers Quality Improvement Project, sponsored by the Japan Seamen\u2019s Union (JSU), HP MARINE regularly recruits and selects seafarers for 1-month and 4-month Maritime English and professional maritime skills training programs.<\/p>","protected":false},"excerpt":{"rendered":"<p>Tuy\u1ec3n d\u1ee5ng, \u0111\u00e0o t\u1ea1o c\u1eadp nh\u1eadt v\u00e0 n\u00e2ng cao thuy\u1ec1n vi\u00ean h\u00e0ng h\u1ea3i \u0111\u00e1p \u1ee9ng c\u00e1c y\u00eau c\u1ea7u c\u1ee7a ch\u1ee7 t\u1ea7u v\u00e0 C\u00f4ng \u01b0\u1edbc qu\u1ed1c t\u1ebf v\u1ec1 \u0110\u00e0o t\u1ea1o, C\u1ea5p b\u1eb1ng v\u00e0 Tr\u1ef1c ca cho thuy\u1ec1n vi\u00ean (STCW78\/2010); C\u00c1C KH\u00d3A \u0110\u00c0O T\u1ea0O V\u00c0 HU\u1ea4N LUY\u1ec6N: I- KH\u00d3A HU\u1ea4N LUY\u1ec6N H\u1ea2I \u0110\u1ed2 \u0110I\u1ec6N T\u1eec &#8211; ECDIS [&hellip;]<\/p>","protected":false},"author":1,"featured_media":0,"parent":0,"menu_order":0,"comment_status":"closed","ping_status":"closed","template":"","meta":{"footnotes":""},"class_list":["post-62","page","type-page","status-publish","hentry"],"yoast_head":"<!-- This site is optimized with the Yoast SEO plugin v25.6 - https:\/\/yoast.com\/wordpress\/plugins\/seo\/ -->\n<title>Tuy\u1ec3n d\u1ee5ng \u0111\u00e0o t\u1ea1o thuy\u1ec1n vi\u00ean - HP MARINE<\/title>\n<meta name=\"robots\" content=\"noindex, follow, max-snippet:-1, max-image-preview:large, max-video-preview:-1\" \/>\n<meta property=\"og:locale\" content=\"en_US\" \/>\n<meta property=\"og:type\" content=\"article\" \/>\n<meta property=\"og:title\" content=\"Tuy\u1ec3n d\u1ee5ng \u0111\u00e0o t\u1ea1o thuy\u1ec1n vi\u00ean - HP MARINE\" \/>\n<meta property=\"og:description\" content=\"Tuy\u1ec3n d\u1ee5ng, \u0111\u00e0o t\u1ea1o c\u1eadp nh\u1eadt v\u00e0 n\u00e2ng cao thuy\u1ec1n vi\u00ean h\u00e0ng h\u1ea3i \u0111\u00e1p \u1ee9ng c\u00e1c y\u00eau c\u1ea7u c\u1ee7a ch\u1ee7 t\u1ea7u v\u00e0 C\u00f4ng \u01b0\u1edbc qu\u1ed1c t\u1ebf v\u1ec1 \u0110\u00e0o t\u1ea1o, C\u1ea5p b\u1eb1ng v\u00e0 Tr\u1ef1c ca cho thuy\u1ec1n vi\u00ean (STCW78\/2010); C\u00c1C KH\u00d3A \u0110\u00c0O T\u1ea0O V\u00c0 HU\u1ea4N LUY\u1ec6N: I- KH\u00d3A HU\u1ea4N LUY\u1ec6N H\u1ea2I \u0110\u1ed2 \u0110I\u1ec6N T\u1eec &#8211; ECDIS [&hellip;]\" \/>\n<meta property=\"og:url\" content=\"https:\/\/hpmarine.builderfly.net\/en\/tuyen-dung-dao-tao-thuyen-vien\/\" \/>\n<meta property=\"og:site_name\" content=\"HP MARINE\" \/>\n<meta property=\"article:modified_time\" content=\"2025-07-31T09:16:10+00:00\" \/>\n<meta name=\"twitter:card\" content=\"summary_large_image\" \/>\n<meta name=\"twitter:label1\" content=\"Est. reading time\" \/>\n\t<meta name=\"twitter:data1\" content=\"2 minutes\" \/>\n<script type=\"application\/ld+json\" class=\"yoast-schema-graph\">{\"@context\":\"https:\/\/schema.org\",\"@graph\":[{\"@type\":\"WebPage\",\"@id\":\"https:\/\/hpmarine.builderfly.net\/tuyen-dung-dao-tao-thuyen-vien\/\",\"url\":\"https:\/\/hpmarine.builderfly.net\/tuyen-dung-dao-tao-thuyen-vien\/\",\"name\":\"Tuy\u1ec3n d\u1ee5ng \u0111\u00e0o t\u1ea1o thuy\u1ec1n vi\u00ean - HP MARINE\",\"isPartOf\":{\"@id\":\"https:\/\/hpmarine.builderfly.net\/#website\"},\"datePublished\":\"2025-07-27T04:47:03+00:00\",\"dateModified\":\"2025-07-31T09:16:10+00:00\",\"breadcrumb\":{\"@id\":\"https:\/\/hpmarine.builderfly.net\/tuyen-dung-dao-tao-thuyen-vien\/#breadcrumb\"},\"inLanguage\":\"en-US\",\"potentialAction\":[{\"@type\":\"ReadAction\",\"target\":[\"https:\/\/hpmarine.builderfly.net\/tuyen-dung-dao-tao-thuyen-vien\/\"]}]},{\"@type\":\"BreadcrumbList\",\"@id\":\"https:\/\/hpmarine.builderfly.net\/tuyen-dung-dao-tao-thuyen-vien\/#breadcrumb\",\"itemListElement\":[{\"@type\":\"ListItem\",\"position\":1,\"name\":\"Trang ch\u1ee7\",\"item\":\"https:\/\/hpmarine.builderfly.net\/\"},{\"@type\":\"ListItem\",\"position\":2,\"name\":\"Tuy\u1ec3n d\u1ee5ng \u0111\u00e0o t\u1ea1o thuy\u1ec1n vi\u00ean\"}]},{\"@type\":\"WebSite\",\"@id\":\"https:\/\/hpmarine.builderfly.net\/#website\",\"url\":\"https:\/\/hpmarine.builderfly.net\/\",\"name\":\"HP MARINE\",\"description\":\"\",\"publisher\":{\"@id\":\"https:\/\/hpmarine.builderfly.net\/#organization\"},\"potentialAction\":[{\"@type\":\"SearchAction\",\"target\":{\"@type\":\"EntryPoint\",\"urlTemplate\":\"https:\/\/hpmarine.builderfly.net\/?s={search_term_string}\"},\"query-input\":{\"@type\":\"PropertyValueSpecification\",\"valueRequired\":true,\"valueName\":\"search_term_string\"}}],\"inLanguage\":\"en-US\"},{\"@type\":\"Organization\",\"@id\":\"https:\/\/hpmarine.builderfly.net\/#organization\",\"name\":\"HP MARINE\",\"url\":\"https:\/\/hpmarine.builderfly.net\/\",\"logo\":{\"@type\":\"ImageObject\",\"inLanguage\":\"en-US\",\"@id\":\"https:\/\/hpmarine.builderfly.net\/#\/schema\/logo\/image\/\",\"url\":\"https:\/\/hpmarine.builderfly.net\/wp-content\/uploads\/2025\/07\/HP-Marine-logo-4.png\",\"contentUrl\":\"https:\/\/hpmarine.builderfly.net\/wp-content\/uploads\/2025\/07\/HP-Marine-logo-4.png\",\"width\":1000,\"height\":198,\"caption\":\"HP MARINE\"},\"image\":{\"@id\":\"https:\/\/hpmarine.builderfly.net\/#\/schema\/logo\/image\/\"}}]}<\/script>\n<!-- \/ Yoast SEO plugin. -->","yoast_head_json":{"title":"Tuy\u1ec3n d\u1ee5ng \u0111\u00e0o t\u1ea1o thuy\u1ec1n vi\u00ean - HP MARINE","robots":{"index":"noindex","follow":"follow","max-snippet":"max-snippet:-1","max-image-preview":"max-image-preview:large","max-video-preview":"max-video-preview:-1"},"og_locale":"en_US","og_type":"article","og_title":"Tuy\u1ec3n d\u1ee5ng \u0111\u00e0o t\u1ea1o thuy\u1ec1n vi\u00ean - HP MARINE","og_description":"Tuy\u1ec3n d\u1ee5ng, \u0111\u00e0o t\u1ea1o c\u1eadp nh\u1eadt v\u00e0 n\u00e2ng cao thuy\u1ec1n vi\u00ean h\u00e0ng h\u1ea3i \u0111\u00e1p \u1ee9ng c\u00e1c y\u00eau c\u1ea7u c\u1ee7a ch\u1ee7 t\u1ea7u v\u00e0 C\u00f4ng \u01b0\u1edbc qu\u1ed1c t\u1ebf v\u1ec1 \u0110\u00e0o t\u1ea1o, C\u1ea5p b\u1eb1ng v\u00e0 Tr\u1ef1c ca cho thuy\u1ec1n vi\u00ean (STCW78\/2010); C\u00c1C KH\u00d3A \u0110\u00c0O T\u1ea0O V\u00c0 HU\u1ea4N LUY\u1ec6N: I- KH\u00d3A HU\u1ea4N LUY\u1ec6N H\u1ea2I \u0110\u1ed2 \u0110I\u1ec6N T\u1eec &#8211; ECDIS [&hellip;]","og_url":"https:\/\/hpmarine.builderfly.net\/en\/tuyen-dung-dao-tao-thuyen-vien\/","og_site_name":"HP MARINE","article_modified_time":"2025-07-31T09:16:10+00:00","twitter_card":"summary_large_image","twitter_misc":{"Est. reading time":"2 minutes"},"schema":{"@context":"https:\/\/schema.org","@graph":[{"@type":"WebPage","@id":"https:\/\/hpmarine.builderfly.net\/tuyen-dung-dao-tao-thuyen-vien\/","url":"https:\/\/hpmarine.builderfly.net\/tuyen-dung-dao-tao-thuyen-vien\/","name":"Tuy\u1ec3n d\u1ee5ng \u0111\u00e0o t\u1ea1o thuy\u1ec1n vi\u00ean - HP MARINE","isPartOf":{"@id":"https:\/\/hpmarine.builderfly.net\/#website"},"datePublished":"2025-07-27T04:47:03+00:00","dateModified":"2025-07-31T09:16:10+00:00","breadcrumb":{"@id":"https:\/\/hpmarine.builderfly.net\/tuyen-dung-dao-tao-thuyen-vien\/#breadcrumb"},"inLanguage":"en-US","potentialAction":[{"@type":"ReadAction","target":["https:\/\/hpmarine.builderfly.net\/tuyen-dung-dao-tao-thuyen-vien\/"]}]},{"@type":"BreadcrumbList","@id":"https:\/\/hpmarine.builderfly.net\/tuyen-dung-dao-tao-thuyen-vien\/#breadcrumb","itemListElement":[{"@type":"ListItem","position":1,"name":"Trang ch\u1ee7","item":"https:\/\/hpmarine.builderfly.net\/"},{"@type":"ListItem","position":2,"name":"Tuy\u1ec3n d\u1ee5ng \u0111\u00e0o t\u1ea1o thuy\u1ec1n vi\u00ean"}]},{"@type":"WebSite","@id":"https:\/\/hpmarine.builderfly.net\/#website","url":"https:\/\/hpmarine.builderfly.net\/","name":"HP MARINE","description":"","publisher":{"@id":"https:\/\/hpmarine.builderfly.net\/#organization"},"potentialAction":[{"@type":"SearchAction","target":{"@type":"EntryPoint","urlTemplate":"https:\/\/hpmarine.builderfly.net\/?s={search_term_string}"},"query-input":{"@type":"PropertyValueSpecification","valueRequired":true,"valueName":"search_term_string"}}],"inLanguage":"en-US"},{"@type":"Organization","@id":"https:\/\/hpmarine.builderfly.net\/#organization","name":"HP MARINE","url":"https:\/\/hpmarine.builderfly.net\/","logo":{"@type":"ImageObject","inLanguage":"en-US","@id":"https:\/\/hpmarine.builderfly.net\/#\/schema\/logo\/image\/","url":"https:\/\/hpmarine.builderfly.net\/wp-content\/uploads\/2025\/07\/HP-Marine-logo-4.png","contentUrl":"https:\/\/hpmarine.builderfly.net\/wp-content\/uploads\/2025\/07\/HP-Marine-logo-4.png","width":1000,"height":198,"caption":"HP MARINE"},"image":{"@id":"https:\/\/hpmarine.builderfly.net\/#\/schema\/logo\/image\/"}}]}},"_links":{"self":[{"href":"https:\/\/hpmarine.builderfly.net\/en\/wp-json\/wp\/v2\/pages\/62","targetHints":{"allow":["GET"]}}],"collection":[{"href":"https:\/\/hpmarine.builderfly.net\/en\/wp-json\/wp\/v2\/pages"}],"about":[{"href":"https:\/\/hpmarine.builderfly.net\/en\/wp-json\/wp\/v2\/types\/page"}],"author":[{"embeddable":true,"href":"https:\/\/hpmarine.builderfly.net\/en\/wp-json\/wp\/v2\/users\/1"}],"replies":[{"embeddable":true,"href":"https:\/\/hpmarine.builderfly.net\/en\/wp-json\/wp\/v2\/comments?post=62"}],"version-history":[{"count":0,"href":"https:\/\/hpmarine.builderfly.net\/en\/wp-json\/wp\/v2\/pages\/62\/revisions"}],"wp:attachment":[{"href":"https:\/\/hpmarine.builderfly.net\/en\/wp-json\/wp\/v2\/media?parent=62"}],"curies":[{"name":"wp","href":"https:\/\/api.w.org\/{rel}","templated":true}]}}