{"id":50,"date":"2025-07-27T11:41:00","date_gmt":"2025-07-27T04:41:00","guid":{"rendered":"https:\/\/hpmarine.builderfly.net\/?page_id=50"},"modified":"2025-09-23T08:35:58","modified_gmt":"2025-09-23T01:35:58","slug":"gioi-thieu","status":"publish","type":"page","link":"https:\/\/hpmarine.builderfly.net\/zh\/gioi-thieu\/","title":{"rendered":"\u5173\u4e8e\u6211\u4eec"},"content":{"rendered":"<h2>HP Marine \u2013 \u0111\u1ed3ng h\u00e0nh c\u00f9ng lao \u0111\u1ed9ng Vi\u1ec7t v\u01b0\u01a1n th\u1ebf gi\u1edbi<\/h2>\n<p><iframe title=\"HP Marine - Global Trust\" width=\"800\" height=\"450\" src=\"https:\/\/www.youtube.com\/embed\/S8b1XZaylaU?feature=oembed\" frameborder=\"0\" allow=\"accelerometer; autoplay; clipboard-write; encrypted-media; gyroscope; picture-in-picture; web-share\" referrerpolicy=\"strict-origin-when-cross-origin\" allowfullscreen><\/iframe><\/p>\n<p>\u51ed\u501f\u591a\u5e74\u5728\u8239\u5458\u57f9\u8bad\u3001\u7ba1\u7406\u53ca\u4f9b\u7ed9\u9886\u57df\u7684\u7ecf\u9a8c\uff0cHP Marine \u81ea\u8c6a\u5730\u6210\u4e3a\u6d77\u4e8b\u4e1a\u9ad8\u8d28\u91cf\u4eba\u529b\u8d44\u6e90\u5f00\u53d1\u7684\u5148\u884c\u8005\uff0c\u81f4\u529b\u4e8e\u6ee1\u8db3\u56fd\u9645\u5e02\u573a\u7684\u4e25\u683c\u6807\u51c6\u3002<\/p>\n<p>\u6211\u4eec\u4e0d\u4ec5\u63d0\u4f9b\u62db\u8058\u670d\u52a1\uff0c\u8fd8\u5168\u9762\u6295\u8d44\u4e8e\u5b8c\u5584\u7684\u57f9\u8bad\u4f53\u7cfb\u3001\u73b0\u4ee3\u5316\u8bad\u7ec3\u4e2d\u5fc3\u4ee5\u53ca\u4e13\u4e1a\u7684\u4eba\u529b\u7ba1\u7406\u6d41\u7a0b\uff0c\u786e\u4fdd\u6bcf\u4f4d\u8239\u5458\u5728\u6d77\u4e0a\u5de5\u4f5c\u65f6\u90fd\u5177\u5907\u5fc5\u8981\u7684\u77e5\u8bc6\u3001\u6280\u80fd\u548c\u804c\u4e1a\u9053\u5fb7\u3002<\/p>\n<h3>\u613f\u666f<\/h3>\n<p>\u6210\u4e3a\u8be5\u5730\u533a\u5728\u56fd\u9645\u6d77\u4e8b\u4eba\u529b\u8d44\u6e90\u4f9b\u5e94\u4e0e\u57f9\u8bad\u9886\u57df\u7684\u9886\u5148\u5355\u4f4d\uff0c\u52a9\u529b\u63d0\u5347\u8d8a\u5357\u6d77\u5458\u5728\u56fd\u9645\u821e\u53f0\u4e0a\u7684\u5730\u4f4d\u3002<\/p>\n<h3>\u4f7f\u547d<\/h3>\n<p>\u57f9\u517b\u9ad8\u6280\u80fd\u3001\u5177\u5907\u826f\u597d\u804c\u4e1a\u9053\u5fb7\u5e76\u62e5\u6709\u4e13\u4e1a\u5de5\u4f5c\u80fd\u529b\u7684\u6d77\u5458\u961f\u4f0d\u3002<\/p>\n<p>\u5c06\u8d8a\u5357\u52b3\u52a8\u529b\u4e0e\u6d77\u5916\u4f18\u8d28\u5c31\u4e1a\u673a\u4f1a\u8fde\u63a5\u8d77\u6765\uff0c\u4e3a\u52b3\u52a8\u8005\u5e26\u6765\u7a33\u5b9a\u6536\u5165\u548c\u66f4\u7f8e\u597d\u7684\u751f\u6d3b\u3002<\/p>\n<p>\u5efa\u8bbe\u73b0\u4ee3\u5316\u3001\u5b89\u5168\u4e14\u9ad8\u6548\u7684\u57f9\u8bad\u73af\u5883\uff0c\u4e3a\u8d8a\u5357\u822a\u8fd0\u4e1a\u7684\u53d1\u5c55\u5960\u5b9a\u53ef\u6301\u7eed\u57fa\u7840\u3002<\/p>\n<h3>\u6838\u5fc3\u4ef7\u503c\u89c2<\/h3>\n<p>\ud83d\udd39 \u4fe1\u8a89 \u2013 \u5728\u4e0e\u5458\u5de5\u548c\u5408\u4f5c\u4f19\u4f34\u7684\u6240\u6709\u627f\u8bfa\u4e2d\uff0c\u5c06\u8bda\u4fe1\u653e\u5728\u9996\u4f4d\u3002<\/p>\n<p>\ud83d\udd39 \u4e13\u4e1a \u2013 \u6309\u56fd\u9645\u6807\u51c6\u8fd0\u8425\u7cfb\u7edf\uff0c\u900f\u660e\u4e14\u9ad8\u6548\u3002<\/p>\n<p>\ud83d\udd39 \u8d23\u4efb \u2013 \u4ece\u57f9\u8bad\u5230\u5de5\u4f5c\u53ca\u5408\u540c\u5c65\u884c\uff0c\u5168\u7a0b\u4e0e\u52b3\u52a8\u8005\u540c\u884c\u3002<\/p>\n<p>\ud83d\udd39 \u4eba\u6587 \u2013 \u4ee5\u4eba\u4e3a\u672c\uff0c\u59cb\u7ec8\u5c0a\u91cd\u3001\u503e\u542c\u5e76\u521b\u9020\u5168\u9762\u53d1\u5c55\u7684\u673a\u4f1a\u3002<\/p>\n<p>\ud83d\udd39 \u521b\u65b0 \u2013 \u4e0d\u65ad\u6539\u8fdb\u57f9\u8bad\u8bfe\u7a0b\u3001\u7ba1\u7406\u65b9\u6cd5\u53ca\u6280\u672f\u5e94\u7528\uff0c\u4ee5\u63d0\u5347\u670d\u52a1\u8d28\u91cf\u3002<\/p>\n<p><iframe title=\"HP MARINE DESTINATION FOR SEAFARER\" width=\"800\" height=\"450\" src=\"https:\/\/www.youtube.com\/embed\/Mm6ciJbf5p4?feature=oembed\" frameborder=\"0\" allow=\"accelerometer; autoplay; clipboard-write; encrypted-media; gyroscope; picture-in-picture; web-share\" referrerpolicy=\"strict-origin-when-cross-origin\" allowfullscreen><\/iframe><\/p>\n<h3>HP MARINE \u2013 \u5728\u5168\u7403\u4eba\u529b\u822a\u7a0b\u4e2d\u7a33\u5065\u524d\u884c<\/h3>\n<p>\ud83d\udcde \u4eca\u5929\u5c31\u8054\u7cfb\u6211\u4eec\uff0c\u4e86\u89e3\u66f4\u591a\u5173\u4e8e\u8239\u5458\u57f9\u8bad\u3001\u62db\u8058\u4ee5\u53ca\u6d77\u5916\u5c31\u4e1a\u673a\u4f1a\u7684\u4fe1\u606f\uff01<\/p>","protected":false},"excerpt":{"rendered":"<p>HP Marine \u2013 \u0111\u1ed3ng h\u00e0nh c\u00f9ng lao \u0111\u1ed9ng Vi\u1ec7t v\u01b0\u01a1n th\u1ebf gi\u1edbi V\u1edbi nhi\u1ec1u n\u0103m kinh nghi\u1ec7m trong l\u0129nh v\u1ef1c \u0111\u00e0o t\u1ea1o, qu\u1ea3n l\u00fd v\u00e0 cung \u1ee9ng thuy\u1ec1n vi\u00ean cho t\u00e0u bi\u1ec3n trong v\u00e0 ngo\u00e0i n\u01b0\u1edbc, HP Marine t\u1ef1 h\u00e0o l\u00e0 \u0111\u01a1n v\u1ecb ti\u00ean phong trong vi\u1ec7c ph\u00e1t tri\u1ec3n ngu\u1ed3n nh\u00e2n l\u1ef1c h\u00e0ng h\u1ea3i ch\u1ea5t [&hellip;]<\/p>","protected":false},"author":1,"featured_media":0,"parent":0,"menu_order":0,"comment_status":"closed","ping_status":"closed","template":"","meta":{"footnotes":""},"class_list":["post-50","page","type-page","status-publish","hentry"],"yoast_head":"<!-- This site is optimized with the Yoast SEO plugin v25.6 - https:\/\/yoast.com\/wordpress\/plugins\/seo\/ -->\n<title>Gi\u1edbi thi\u1ec7u - HP MARINE<\/title>\n<meta name=\"robots\" content=\"noindex, follow, max-snippet:-1, max-image-preview:large, max-video-preview:-1\" \/>\n<meta property=\"og:locale\" content=\"zh_CN\" \/>\n<meta property=\"og:type\" content=\"article\" \/>\n<meta property=\"og:title\" content=\"Gi\u1edbi thi\u1ec7u - HP MARINE\" \/>\n<meta property=\"og:description\" content=\"HP Marine \u2013 \u0111\u1ed3ng h\u00e0nh c\u00f9ng lao \u0111\u1ed9ng Vi\u1ec7t v\u01b0\u01a1n th\u1ebf gi\u1edbi V\u1edbi nhi\u1ec1u n\u0103m kinh nghi\u1ec7m trong l\u0129nh v\u1ef1c \u0111\u00e0o t\u1ea1o, qu\u1ea3n l\u00fd v\u00e0 cung \u1ee9ng thuy\u1ec1n vi\u00ean cho t\u00e0u bi\u1ec3n trong v\u00e0 ngo\u00e0i n\u01b0\u1edbc, HP Marine t\u1ef1 h\u00e0o l\u00e0 \u0111\u01a1n v\u1ecb ti\u00ean phong trong vi\u1ec7c ph\u00e1t tri\u1ec3n ngu\u1ed3n nh\u00e2n l\u1ef1c h\u00e0ng h\u1ea3i ch\u1ea5t [&hellip;]\" \/>\n<meta property=\"og:url\" content=\"https:\/\/hpmarine.builderfly.net\/zh\/gioi-thieu\/\" \/>\n<meta property=\"og:site_name\" content=\"HP MARINE\" \/>\n<meta property=\"article:modified_time\" content=\"2025-09-23T01:35:58+00:00\" \/>\n<meta name=\"twitter:card\" content=\"summary_large_image\" \/>\n<meta name=\"twitter:label1\" content=\"Est. reading time\" \/>\n\t<meta name=\"twitter:data1\" content=\"3 minutes\" \/>\n<script type=\"application\/ld+json\" class=\"yoast-schema-graph\">{\"@context\":\"https:\/\/schema.org\",\"@graph\":[{\"@type\":\"WebPage\",\"@id\":\"https:\/\/hpmarine.builderfly.net\/gioi-thieu\/\",\"url\":\"https:\/\/hpmarine.builderfly.net\/gioi-thieu\/\",\"name\":\"Gi\u1edbi thi\u1ec7u - HP MARINE\",\"isPartOf\":{\"@id\":\"https:\/\/hpmarine.builderfly.net\/#website\"},\"datePublished\":\"2025-07-27T04:41:00+00:00\",\"dateModified\":\"2025-09-23T01:35:58+00:00\",\"breadcrumb\":{\"@id\":\"https:\/\/hpmarine.builderfly.net\/gioi-thieu\/#breadcrumb\"},\"inLanguage\":\"zh-CN\",\"potentialAction\":[{\"@type\":\"ReadAction\",\"target\":[\"https:\/\/hpmarine.builderfly.net\/gioi-thieu\/\"]}]},{\"@type\":\"BreadcrumbList\",\"@id\":\"https:\/\/hpmarine.builderfly.net\/gioi-thieu\/#breadcrumb\",\"itemListElement\":[{\"@type\":\"ListItem\",\"position\":1,\"name\":\"Trang ch\u1ee7\",\"item\":\"https:\/\/hpmarine.builderfly.net\/\"},{\"@type\":\"ListItem\",\"position\":2,\"name\":\"Gi\u1edbi thi\u1ec7u\"}]},{\"@type\":\"WebSite\",\"@id\":\"https:\/\/hpmarine.builderfly.net\/#website\",\"url\":\"https:\/\/hpmarine.builderfly.net\/\",\"name\":\"HP MARINE\",\"description\":\"\",\"publisher\":{\"@id\":\"https:\/\/hpmarine.builderfly.net\/#organization\"},\"potentialAction\":[{\"@type\":\"SearchAction\",\"target\":{\"@type\":\"EntryPoint\",\"urlTemplate\":\"https:\/\/hpmarine.builderfly.net\/?s={search_term_string}\"},\"query-input\":{\"@type\":\"PropertyValueSpecification\",\"valueRequired\":true,\"valueName\":\"search_term_string\"}}],\"inLanguage\":\"zh-CN\"},{\"@type\":\"Organization\",\"@id\":\"https:\/\/hpmarine.builderfly.net\/#organization\",\"name\":\"HP MARINE\",\"url\":\"https:\/\/hpmarine.builderfly.net\/\",\"logo\":{\"@type\":\"ImageObject\",\"inLanguage\":\"zh-CN\",\"@id\":\"https:\/\/hpmarine.builderfly.net\/#\/schema\/logo\/image\/\",\"url\":\"https:\/\/hpmarine.builderfly.net\/wp-content\/uploads\/2025\/07\/HP-Marine-logo-4.png\",\"contentUrl\":\"https:\/\/hpmarine.builderfly.net\/wp-content\/uploads\/2025\/07\/HP-Marine-logo-4.png\",\"width\":1000,\"height\":198,\"caption\":\"HP MARINE\"},\"image\":{\"@id\":\"https:\/\/hpmarine.builderfly.net\/#\/schema\/logo\/image\/\"}}]}<\/script>\n<!-- \/ Yoast SEO plugin. -->","yoast_head_json":{"title":"Gi\u1edbi thi\u1ec7u - HP MARINE","robots":{"index":"noindex","follow":"follow","max-snippet":"max-snippet:-1","max-image-preview":"max-image-preview:large","max-video-preview":"max-video-preview:-1"},"og_locale":"zh_CN","og_type":"article","og_title":"Gi\u1edbi thi\u1ec7u - HP MARINE","og_description":"HP Marine \u2013 \u0111\u1ed3ng h\u00e0nh c\u00f9ng lao \u0111\u1ed9ng Vi\u1ec7t v\u01b0\u01a1n th\u1ebf gi\u1edbi V\u1edbi nhi\u1ec1u n\u0103m kinh nghi\u1ec7m trong l\u0129nh v\u1ef1c \u0111\u00e0o t\u1ea1o, qu\u1ea3n l\u00fd v\u00e0 cung \u1ee9ng thuy\u1ec1n vi\u00ean cho t\u00e0u bi\u1ec3n trong v\u00e0 ngo\u00e0i n\u01b0\u1edbc, HP Marine t\u1ef1 h\u00e0o l\u00e0 \u0111\u01a1n v\u1ecb ti\u00ean phong trong vi\u1ec7c ph\u00e1t tri\u1ec3n ngu\u1ed3n nh\u00e2n l\u1ef1c h\u00e0ng h\u1ea3i ch\u1ea5t [&hellip;]","og_url":"https:\/\/hpmarine.builderfly.net\/zh\/gioi-thieu\/","og_site_name":"HP MARINE","article_modified_time":"2025-09-23T01:35:58+00:00","twitter_card":"summary_large_image","twitter_misc":{"Est. reading time":"3 minutes"},"schema":{"@context":"https:\/\/schema.org","@graph":[{"@type":"WebPage","@id":"https:\/\/hpmarine.builderfly.net\/gioi-thieu\/","url":"https:\/\/hpmarine.builderfly.net\/gioi-thieu\/","name":"Gi\u1edbi thi\u1ec7u - HP MARINE","isPartOf":{"@id":"https:\/\/hpmarine.builderfly.net\/#website"},"datePublished":"2025-07-27T04:41:00+00:00","dateModified":"2025-09-23T01:35:58+00:00","breadcrumb":{"@id":"https:\/\/hpmarine.builderfly.net\/gioi-thieu\/#breadcrumb"},"inLanguage":"zh-CN","potentialAction":[{"@type":"ReadAction","target":["https:\/\/hpmarine.builderfly.net\/gioi-thieu\/"]}]},{"@type":"BreadcrumbList","@id":"https:\/\/hpmarine.builderfly.net\/gioi-thieu\/#breadcrumb","itemListElement":[{"@type":"ListItem","position":1,"name":"Trang ch\u1ee7","item":"https:\/\/hpmarine.builderfly.net\/"},{"@type":"ListItem","position":2,"name":"Gi\u1edbi thi\u1ec7u"}]},{"@type":"WebSite","@id":"https:\/\/hpmarine.builderfly.net\/#website","url":"https:\/\/hpmarine.builderfly.net\/","name":"HP MARINE","description":"","publisher":{"@id":"https:\/\/hpmarine.builderfly.net\/#organization"},"potentialAction":[{"@type":"SearchAction","target":{"@type":"EntryPoint","urlTemplate":"https:\/\/hpmarine.builderfly.net\/?s={search_term_string}"},"query-input":{"@type":"PropertyValueSpecification","valueRequired":true,"valueName":"search_term_string"}}],"inLanguage":"zh-CN"},{"@type":"Organization","@id":"https:\/\/hpmarine.builderfly.net\/#organization","name":"HP MARINE","url":"https:\/\/hpmarine.builderfly.net\/","logo":{"@type":"ImageObject","inLanguage":"zh-CN","@id":"https:\/\/hpmarine.builderfly.net\/#\/schema\/logo\/image\/","url":"https:\/\/hpmarine.builderfly.net\/wp-content\/uploads\/2025\/07\/HP-Marine-logo-4.png","contentUrl":"https:\/\/hpmarine.builderfly.net\/wp-content\/uploads\/2025\/07\/HP-Marine-logo-4.png","width":1000,"height":198,"caption":"HP MARINE"},"image":{"@id":"https:\/\/hpmarine.builderfly.net\/#\/schema\/logo\/image\/"}}]}},"_links":{"self":[{"href":"https:\/\/hpmarine.builderfly.net\/zh\/wp-json\/wp\/v2\/pages\/50","targetHints":{"allow":["GET"]}}],"collection":[{"href":"https:\/\/hpmarine.builderfly.net\/zh\/wp-json\/wp\/v2\/pages"}],"about":[{"href":"https:\/\/hpmarine.builderfly.net\/zh\/wp-json\/wp\/v2\/types\/page"}],"author":[{"embeddable":true,"href":"https:\/\/hpmarine.builderfly.net\/zh\/wp-json\/wp\/v2\/users\/1"}],"replies":[{"embeddable":true,"href":"https:\/\/hpmarine.builderfly.net\/zh\/wp-json\/wp\/v2\/comments?post=50"}],"version-history":[{"count":0,"href":"https:\/\/hpmarine.builderfly.net\/zh\/wp-json\/wp\/v2\/pages\/50\/revisions"}],"wp:attachment":[{"href":"https:\/\/hpmarine.builderfly.net\/zh\/wp-json\/wp\/v2\/media?parent=50"}],"curies":[{"name":"wp","href":"https:\/\/api.w.org\/{rel}","templated":true}]}}