{"id":54,"date":"2025-07-27T11:41:36","date_gmt":"2025-07-27T04:41:36","guid":{"rendered":"https:\/\/hpmarine.builderfly.net\/?page_id=54"},"modified":"2025-08-12T09:55:02","modified_gmt":"2025-08-12T02:55:02","slug":"to-chuc-bo-may","status":"publish","type":"page","link":"https:\/\/hpmarine.builderfly.net\/zh\/to-chuc-bo-may\/","title":{"rendered":"\u7ec4\u7ec7\u67b6\u6784"},"content":{"rendered":"<p><img fetchpriority=\"high\" decoding=\"async\" class=\"aligncenter size-full wp-image-1818\" src=\"https:\/\/hpmarine.builderfly.net\/wp-content\/uploads\/2025\/07\/so-do-to-chuc.jpg\" alt=\"So Do To Chuc\" width=\"1019\" height=\"491\" srcset=\"https:\/\/hpmarine.builderfly.net\/wp-content\/uploads\/2025\/07\/so-do-to-chuc.jpg 1019w, https:\/\/hpmarine.builderfly.net\/wp-content\/uploads\/2025\/07\/so-do-to-chuc-300x145.jpg 300w, https:\/\/hpmarine.builderfly.net\/wp-content\/uploads\/2025\/07\/so-do-to-chuc-768x370.jpg 768w\" sizes=\"(max-width: 1019px) 100vw, 1019px\" \/><\/p>\n<p>\u516c\u53f8\u7684\u7ec4\u7ec7\u67b6\u6784\u6309\u7167\u73b0\u4ee3\u7ba1\u7406\u6a21\u5f0f\u5efa\u7acb\uff0c\u786e\u4fdd\u5728\u5404\u9879\u6d3b\u52a8\u4e2d\u5177\u6709\u7075\u6d3b\u6027\u3001\u4e13\u4e1a\u5316\u548c\u9ad8\u6548\u6027\u3002<\/p>\n<p><strong>1. \u516c\u53f8\u9886\u5bfc\u5c42<\/strong><\/p>\n<p>\u5728\u6700\u9ad8\u5c42\u662f\u516c\u53f8\u4e3b\u5e2d\uff08President\uff09\uff0c\u8d1f\u8d23\u5236\u5b9a\u6218\u7565\u65b9\u5411\u5e76\u76d1\u7763\u4f01\u4e1a\u7684\u6574\u4f53\u8fd0\u8425\u3002<br \/>\n\u76f4\u63a5\u8d1f\u8d23\u8fd0\u8425\u7684\u662f\u8463\u4e8b\u4f1a\uff08Board of Director\uff09\uff0c\u7531\u5728\u822a\u8fd0\u53ca\u56fd\u9645\u52b3\u52a1\u9886\u57df\u62e5\u6709\u4e30\u5bcc\u7ecf\u9a8c\u7684\u6838\u5fc3\u6210\u5458\u7ec4\u6210\u3002<\/p>\n<p><strong>2. \u804c\u80fd\u90e8\u95e8<\/strong><\/p>\n<p>\u8d22\u52a1\u4e0e\u4f1a\u8ba1\u90e8\uff08Financial and Accounting\uff09<br \/>\n\u8d1f\u8d23\u7ba1\u7406\u73b0\u91d1\u6d41\u3001\u4f1a\u8ba1\u4e8b\u52a1\u53ca\u884c\u653f\u5de5\u4f5c\uff1a<\/p>\n<ul>\n<li>\u884c\u653f\u90e8\uff08Administration Dept\uff09<\/li>\n<li>\u4f1a\u8ba1\u90e8\uff08Accounting Dept\uff09<\/li>\n<\/ul>\n<p>\u8239\u5458\u62db\u8058\u4e0e\u7ba1\u7406\u90e8\uff08Crew Manning Dept\uff09<br \/>\n\u8d1f\u8d23\u6d77\u5458\u7684\u62db\u8058\u3001\u57f9\u8bad\u4e0e\u8c03\u5ea6\u5de5\u4f5c\uff1a<\/p>\n<ul>\n<li>\u6d77\u5916\u8239\u5458\u57f9\u8bad\u90e8 (Training for Crew Working Overseas)<\/li>\n<li>\u8239\u5458\u90e8 (Crew Dept)<\/li>\n<\/ul>\n<p>\u6d77\u4e8b\u57f9\u8bad\u4e2d\u5fc3 (Marine Training Center)<br \/>\n\u8d1f\u8d23\u7ec4\u7ec7\u8239\u5458\u7684\u4e1a\u52a1\u57f9\u8bad\u548c\u6280\u80fd\u57f9\u8bad\uff0c\u540c\u65f6\uff1a<\/p>\n<ul>\n<li>\u8239\u5458\u76d1\u7763\u90e8\uff08Crew Monitoring Dept\uff09\u8d1f\u8d23\u5728\u8239\u5458\u6574\u4e2a\u5de5\u4f5c\u671f\u95f4\u8fdb\u884c\u8ddf\u8e2a\u548c\u652f\u6301\u3002<\/li>\n<\/ul>\n<p>\u660e\u786e\u7684\u7ec4\u7ec7\u67b6\u6784\u548c\u5404\u90e8\u95e8\u4e4b\u95f4\u7684\u7d27\u5bc6\u534f\u4f5c\uff0c\u4f7f\u516c\u53f8\u8fd0\u4f5c\u987a\u7545\uff0c\u80fd\u591f\u5feb\u901f\u54cd\u5e94\u5408\u4f5c\u4f19\u4f34\u548c\u5458\u5de5\u7684\u9700\u6c42\u3002\u6838\u5fc3\u56e2\u961f\u6210\u5458\u7686\u5177\u5907\u4e30\u5bcc\u7684\u5b9e\u9645\u7ecf\u9a8c\u548c\u4e13\u4e1a\u77e5\u8bc6\uff0c\u5728\u63d0\u5347\u670d\u52a1\u8d28\u91cf\u548c\u54c1\u724c\u4fe1\u8a89\u65b9\u9762\u53d1\u6325\u5173\u952e\u4f5c\u7528\u3002<\/p>","protected":false},"excerpt":{"rendered":"<p>C\u01a1 c\u1ea5u t\u1ed5 ch\u1ee9c c\u1ee7a c\u00f4ng ty \u0111\u01b0\u1ee3c x\u00e2y d\u1ef1ng theo m\u00f4 h\u00ecnh qu\u1ea3n l\u00fd hi\u1ec7n \u0111\u1ea1i, \u0111\u1ea3m b\u1ea3o t\u00ednh linh ho\u1ea1t, chuy\u00ean m\u00f4n h\u00f3a v\u00e0 hi\u1ec7u qu\u1ea3 trong m\u1ecdi ho\u1ea1t \u0111\u1ed9ng. 1. L\u00c3NH \u0110\u1ea0O C\u00d4NG TY \u1ede c\u1ea5p cao nh\u1ea5t l\u00e0 Ch\u1ee7 t\u1ecbch (President), ng\u01b0\u1eddi ch\u1ecbu tr\u00e1ch nhi\u1ec7m \u0111\u1ecbnh h\u01b0\u1edbng chi\u1ebfn l\u01b0\u1ee3c v\u00e0 gi\u00e1m [&hellip;]<\/p>","protected":false},"author":1,"featured_media":0,"parent":0,"menu_order":0,"comment_status":"closed","ping_status":"closed","template":"","meta":{"footnotes":""},"class_list":["post-54","page","type-page","status-publish","hentry"],"yoast_head":"<!-- This site is optimized with the Yoast SEO plugin v25.6 - https:\/\/yoast.com\/wordpress\/plugins\/seo\/ -->\n<title>T\u1ed5 ch\u1ee9c b\u1ed9 m\u00e1y - HP MARINE<\/title>\n<meta name=\"robots\" content=\"noindex, follow, max-snippet:-1, max-image-preview:large, max-video-preview:-1\" \/>\n<meta property=\"og:locale\" content=\"zh_CN\" \/>\n<meta property=\"og:type\" content=\"article\" \/>\n<meta property=\"og:title\" content=\"T\u1ed5 ch\u1ee9c b\u1ed9 m\u00e1y - HP MARINE\" \/>\n<meta property=\"og:description\" content=\"C\u01a1 c\u1ea5u t\u1ed5 ch\u1ee9c c\u1ee7a c\u00f4ng ty \u0111\u01b0\u1ee3c x\u00e2y d\u1ef1ng theo m\u00f4 h\u00ecnh qu\u1ea3n l\u00fd hi\u1ec7n \u0111\u1ea1i, \u0111\u1ea3m b\u1ea3o t\u00ednh linh ho\u1ea1t, chuy\u00ean m\u00f4n h\u00f3a v\u00e0 hi\u1ec7u qu\u1ea3 trong m\u1ecdi ho\u1ea1t \u0111\u1ed9ng. 1. L\u00c3NH \u0110\u1ea0O C\u00d4NG TY \u1ede c\u1ea5p cao nh\u1ea5t l\u00e0 Ch\u1ee7 t\u1ecbch (President), ng\u01b0\u1eddi ch\u1ecbu tr\u00e1ch nhi\u1ec7m \u0111\u1ecbnh h\u01b0\u1edbng chi\u1ebfn l\u01b0\u1ee3c v\u00e0 gi\u00e1m [&hellip;]\" \/>\n<meta property=\"og:url\" content=\"https:\/\/hpmarine.builderfly.net\/zh\/to-chuc-bo-may\/\" \/>\n<meta property=\"og:site_name\" content=\"HP MARINE\" \/>\n<meta property=\"article:modified_time\" content=\"2025-08-12T02:55:02+00:00\" \/>\n<meta property=\"og:image\" content=\"https:\/\/hpmarine.builderfly.net\/wp-content\/uploads\/2025\/07\/so-do-to-chuc.jpg\" \/>\n\t<meta property=\"og:image:width\" content=\"1019\" \/>\n\t<meta property=\"og:image:height\" content=\"491\" \/>\n\t<meta property=\"og:image:type\" content=\"image\/jpeg\" \/>\n<meta name=\"twitter:card\" content=\"summary_large_image\" \/>\n<meta name=\"twitter:label1\" content=\"Est. reading time\" \/>\n\t<meta name=\"twitter:data1\" content=\"2 minutes\" \/>\n<script type=\"application\/ld+json\" class=\"yoast-schema-graph\">{\"@context\":\"https:\/\/schema.org\",\"@graph\":[{\"@type\":\"WebPage\",\"@id\":\"https:\/\/hpmarine.builderfly.net\/to-chuc-bo-may\/\",\"url\":\"https:\/\/hpmarine.builderfly.net\/to-chuc-bo-may\/\",\"name\":\"T\u1ed5 ch\u1ee9c b\u1ed9 m\u00e1y - HP MARINE\",\"isPartOf\":{\"@id\":\"https:\/\/hpmarine.builderfly.net\/#website\"},\"primaryImageOfPage\":{\"@id\":\"https:\/\/hpmarine.builderfly.net\/to-chuc-bo-may\/#primaryimage\"},\"image\":{\"@id\":\"https:\/\/hpmarine.builderfly.net\/to-chuc-bo-may\/#primaryimage\"},\"thumbnailUrl\":\"https:\/\/hpmarine.builderfly.net\/wp-content\/uploads\/2025\/07\/so-do-to-chuc.jpg\",\"datePublished\":\"2025-07-27T04:41:36+00:00\",\"dateModified\":\"2025-08-12T02:55:02+00:00\",\"breadcrumb\":{\"@id\":\"https:\/\/hpmarine.builderfly.net\/to-chuc-bo-may\/#breadcrumb\"},\"inLanguage\":\"zh-CN\",\"potentialAction\":[{\"@type\":\"ReadAction\",\"target\":[\"https:\/\/hpmarine.builderfly.net\/to-chuc-bo-may\/\"]}]},{\"@type\":\"ImageObject\",\"inLanguage\":\"zh-CN\",\"@id\":\"https:\/\/hpmarine.builderfly.net\/to-chuc-bo-may\/#primaryimage\",\"url\":\"https:\/\/hpmarine.builderfly.net\/wp-content\/uploads\/2025\/07\/so-do-to-chuc.jpg\",\"contentUrl\":\"https:\/\/hpmarine.builderfly.net\/wp-content\/uploads\/2025\/07\/so-do-to-chuc.jpg\"},{\"@type\":\"BreadcrumbList\",\"@id\":\"https:\/\/hpmarine.builderfly.net\/to-chuc-bo-may\/#breadcrumb\",\"itemListElement\":[{\"@type\":\"ListItem\",\"position\":1,\"name\":\"Trang ch\u1ee7\",\"item\":\"https:\/\/hpmarine.builderfly.net\/\"},{\"@type\":\"ListItem\",\"position\":2,\"name\":\"T\u1ed5 ch\u1ee9c b\u1ed9 m\u00e1y\"}]},{\"@type\":\"WebSite\",\"@id\":\"https:\/\/hpmarine.builderfly.net\/#website\",\"url\":\"https:\/\/hpmarine.builderfly.net\/\",\"name\":\"HP MARINE\",\"description\":\"\",\"publisher\":{\"@id\":\"https:\/\/hpmarine.builderfly.net\/#organization\"},\"potentialAction\":[{\"@type\":\"SearchAction\",\"target\":{\"@type\":\"EntryPoint\",\"urlTemplate\":\"https:\/\/hpmarine.builderfly.net\/?s={search_term_string}\"},\"query-input\":{\"@type\":\"PropertyValueSpecification\",\"valueRequired\":true,\"valueName\":\"search_term_string\"}}],\"inLanguage\":\"zh-CN\"},{\"@type\":\"Organization\",\"@id\":\"https:\/\/hpmarine.builderfly.net\/#organization\",\"name\":\"HP MARINE\",\"url\":\"https:\/\/hpmarine.builderfly.net\/\",\"logo\":{\"@type\":\"ImageObject\",\"inLanguage\":\"zh-CN\",\"@id\":\"https:\/\/hpmarine.builderfly.net\/#\/schema\/logo\/image\/\",\"url\":\"https:\/\/hpmarine.builderfly.net\/wp-content\/uploads\/2025\/07\/HP-Marine-logo-4.png\",\"contentUrl\":\"https:\/\/hpmarine.builderfly.net\/wp-content\/uploads\/2025\/07\/HP-Marine-logo-4.png\",\"width\":1000,\"height\":198,\"caption\":\"HP MARINE\"},\"image\":{\"@id\":\"https:\/\/hpmarine.builderfly.net\/#\/schema\/logo\/image\/\"}}]}<\/script>\n<!-- \/ Yoast SEO plugin. -->","yoast_head_json":{"title":"T\u1ed5 ch\u1ee9c b\u1ed9 m\u00e1y - HP MARINE","robots":{"index":"noindex","follow":"follow","max-snippet":"max-snippet:-1","max-image-preview":"max-image-preview:large","max-video-preview":"max-video-preview:-1"},"og_locale":"zh_CN","og_type":"article","og_title":"T\u1ed5 ch\u1ee9c b\u1ed9 m\u00e1y - HP MARINE","og_description":"C\u01a1 c\u1ea5u t\u1ed5 ch\u1ee9c c\u1ee7a c\u00f4ng ty \u0111\u01b0\u1ee3c x\u00e2y d\u1ef1ng theo m\u00f4 h\u00ecnh qu\u1ea3n l\u00fd hi\u1ec7n \u0111\u1ea1i, \u0111\u1ea3m b\u1ea3o t\u00ednh linh ho\u1ea1t, chuy\u00ean m\u00f4n h\u00f3a v\u00e0 hi\u1ec7u qu\u1ea3 trong m\u1ecdi ho\u1ea1t \u0111\u1ed9ng. 1. L\u00c3NH \u0110\u1ea0O C\u00d4NG TY \u1ede c\u1ea5p cao nh\u1ea5t l\u00e0 Ch\u1ee7 t\u1ecbch (President), ng\u01b0\u1eddi ch\u1ecbu tr\u00e1ch nhi\u1ec7m \u0111\u1ecbnh h\u01b0\u1edbng chi\u1ebfn l\u01b0\u1ee3c v\u00e0 gi\u00e1m [&hellip;]","og_url":"https:\/\/hpmarine.builderfly.net\/zh\/to-chuc-bo-may\/","og_site_name":"HP MARINE","article_modified_time":"2025-08-12T02:55:02+00:00","og_image":[{"width":1019,"height":491,"url":"https:\/\/hpmarine.builderfly.net\/wp-content\/uploads\/2025\/07\/so-do-to-chuc.jpg","type":"image\/jpeg"}],"twitter_card":"summary_large_image","twitter_misc":{"Est. reading time":"2 minutes"},"schema":{"@context":"https:\/\/schema.org","@graph":[{"@type":"WebPage","@id":"https:\/\/hpmarine.builderfly.net\/to-chuc-bo-may\/","url":"https:\/\/hpmarine.builderfly.net\/to-chuc-bo-may\/","name":"T\u1ed5 ch\u1ee9c b\u1ed9 m\u00e1y - HP MARINE","isPartOf":{"@id":"https:\/\/hpmarine.builderfly.net\/#website"},"primaryImageOfPage":{"@id":"https:\/\/hpmarine.builderfly.net\/to-chuc-bo-may\/#primaryimage"},"image":{"@id":"https:\/\/hpmarine.builderfly.net\/to-chuc-bo-may\/#primaryimage"},"thumbnailUrl":"https:\/\/hpmarine.builderfly.net\/wp-content\/uploads\/2025\/07\/so-do-to-chuc.jpg","datePublished":"2025-07-27T04:41:36+00:00","dateModified":"2025-08-12T02:55:02+00:00","breadcrumb":{"@id":"https:\/\/hpmarine.builderfly.net\/to-chuc-bo-may\/#breadcrumb"},"inLanguage":"zh-CN","potentialAction":[{"@type":"ReadAction","target":["https:\/\/hpmarine.builderfly.net\/to-chuc-bo-may\/"]}]},{"@type":"ImageObject","inLanguage":"zh-CN","@id":"https:\/\/hpmarine.builderfly.net\/to-chuc-bo-may\/#primaryimage","url":"https:\/\/hpmarine.builderfly.net\/wp-content\/uploads\/2025\/07\/so-do-to-chuc.jpg","contentUrl":"https:\/\/hpmarine.builderfly.net\/wp-content\/uploads\/2025\/07\/so-do-to-chuc.jpg"},{"@type":"BreadcrumbList","@id":"https:\/\/hpmarine.builderfly.net\/to-chuc-bo-may\/#breadcrumb","itemListElement":[{"@type":"ListItem","position":1,"name":"Trang ch\u1ee7","item":"https:\/\/hpmarine.builderfly.net\/"},{"@type":"ListItem","position":2,"name":"T\u1ed5 ch\u1ee9c b\u1ed9 m\u00e1y"}]},{"@type":"WebSite","@id":"https:\/\/hpmarine.builderfly.net\/#website","url":"https:\/\/hpmarine.builderfly.net\/","name":"HP MARINE","description":"","publisher":{"@id":"https:\/\/hpmarine.builderfly.net\/#organization"},"potentialAction":[{"@type":"SearchAction","target":{"@type":"EntryPoint","urlTemplate":"https:\/\/hpmarine.builderfly.net\/?s={search_term_string}"},"query-input":{"@type":"PropertyValueSpecification","valueRequired":true,"valueName":"search_term_string"}}],"inLanguage":"zh-CN"},{"@type":"Organization","@id":"https:\/\/hpmarine.builderfly.net\/#organization","name":"HP MARINE","url":"https:\/\/hpmarine.builderfly.net\/","logo":{"@type":"ImageObject","inLanguage":"zh-CN","@id":"https:\/\/hpmarine.builderfly.net\/#\/schema\/logo\/image\/","url":"https:\/\/hpmarine.builderfly.net\/wp-content\/uploads\/2025\/07\/HP-Marine-logo-4.png","contentUrl":"https:\/\/hpmarine.builderfly.net\/wp-content\/uploads\/2025\/07\/HP-Marine-logo-4.png","width":1000,"height":198,"caption":"HP MARINE"},"image":{"@id":"https:\/\/hpmarine.builderfly.net\/#\/schema\/logo\/image\/"}}]}},"_links":{"self":[{"href":"https:\/\/hpmarine.builderfly.net\/zh\/wp-json\/wp\/v2\/pages\/54","targetHints":{"allow":["GET"]}}],"collection":[{"href":"https:\/\/hpmarine.builderfly.net\/zh\/wp-json\/wp\/v2\/pages"}],"about":[{"href":"https:\/\/hpmarine.builderfly.net\/zh\/wp-json\/wp\/v2\/types\/page"}],"author":[{"embeddable":true,"href":"https:\/\/hpmarine.builderfly.net\/zh\/wp-json\/wp\/v2\/users\/1"}],"replies":[{"embeddable":true,"href":"https:\/\/hpmarine.builderfly.net\/zh\/wp-json\/wp\/v2\/comments?post=54"}],"version-history":[{"count":0,"href":"https:\/\/hpmarine.builderfly.net\/zh\/wp-json\/wp\/v2\/pages\/54\/revisions"}],"wp:attachment":[{"href":"https:\/\/hpmarine.builderfly.net\/zh\/wp-json\/wp\/v2\/media?parent=54"}],"curies":[{"name":"wp","href":"https:\/\/api.w.org\/{rel}","templated":true}]}}