{"id":56,"date":"2025-07-27T11:41:49","date_gmt":"2025-07-27T04:41:49","guid":{"rendered":"https:\/\/hpmarine.builderfly.net\/?page_id=56"},"modified":"2025-08-12T10:04:39","modified_gmt":"2025-08-12T03:04:39","slug":"ho-so-phap-ly","status":"publish","type":"page","link":"https:\/\/hpmarine.builderfly.net\/zh\/ho-so-phap-ly\/","title":{"rendered":"\u6cd5\u5f8b\u8d44\u8d28"},"content":{"rendered":"<p>\u6d77\u9632\u6295\u8d44\u8d38\u6613\u4e0e\u6d77\u4e8b\u670d\u52a1\u6709\u9650\u8d23\u4efb\u516c\u53f8\uff08HP MARINE\uff09\u662f\u4e00\u5bb6\u5728\u8239\u5458\u62db\u8058\u3001\u57f9\u8bad\u4e0e\u4f9b\u5e94\u9886\u57df\uff0c\u4ee5\u53ca\u52b3\u52a1\u8f93\u51fa\u65b9\u9762\u5177\u6709\u4e13\u4e1a\u6027\u4e0e\u4fe1\u8a89\u5ea6\u7684\u5355\u4f4d\u3002\u4e3a\u786e\u4fdd\u6d3b\u52a8\u7684\u5408\u6cd5\u6027\u3001\u900f\u660e\u6027\u4e0e\u4e13\u4e1a\u6027\uff0cHP MARINE \u5df2\u83b7\u5177\u5907\u4e3b\u7ba1\u6743\u529b\u7684\u56fd\u5bb6\u7ba1\u7406\u673a\u6784\u9881\u53d1\u7684\u5404\u7c7b\u91cd\u8981\u8bb8\u53ef\u8bc1\u4e0e\u8ba4\u8bc1\u3002<\/p>\n<p>\u4ee5\u4e0b\u4e3a\u786e\u8ba4\u516c\u53f8\u6240\u63d0\u4f9b\u670d\u52a1\u7684\u5408\u6cd5\u6027\u4e0e\u8d28\u91cf\u7684\u6cd5\u5f8b\u6587\u4ef6\u6e05\u5355\uff1a<\/p>\n<h3>1. ISO 9001:2015 \u8d28\u91cf\u7ba1\u7406\u4f53\u7cfb\u8ba4\u8bc1<\/h3>\n<p><a href=\"https:\/\/hpmarine.builderfly.net\/wp-content\/uploads\/2025\/07\/ho-so-phap-ly-6.jpg\"><img fetchpriority=\"high\" decoding=\"async\" class=\"aligncenter wp-image-1823 size-full\" src=\"https:\/\/hpmarine.builderfly.net\/wp-content\/uploads\/2025\/07\/ho-so-phap-ly-6.jpg\" alt=\"Ho So Phap Ly 6\" width=\"435\" height=\"475\" \/><\/a><\/p>\n<p>\u9881\u53d1\u5355\u4f4d\uff1a\u8d8a\u5357\u8ba4\u8bc1\u673a\u6784\uff08VCB\uff09<\/p>\n<p>\u7f16\u53f7\uff1aVCB 180102B-QMS<\/p>\n<p>\u8ba4\u8bc1\u8303\u56f4\uff1a\u8239\u5458\u4f9b\u7ed9\u4e0e\u62db\u8058\u670d\u52a1\uff08Seafarer recruitment and placement services\uff09<\/p>\n<p>\u6709\u6548\u671f\u81f3\uff1a2026\u5e7411\u670816\u65e5<\/p>\n<p>ISO 9001:2015 \u8ba4\u8bc1\u786e\u8ba4 HP Marine \u62e5\u6709\u7b26\u5408\u56fd\u9645\u6807\u51c6\u7684\u8d28\u91cf\u7ba1\u7406\u4f53\u7cfb\uff0c\u786e\u4fdd\u8fd0\u8425\u6d41\u7a0b\u4e13\u4e1a\u3001\u6e05\u6670\u4e14\u9ad8\u6548\u3002<\/p>\n<h3>2. \u6d77\u5458\u62db\u8058\u4e0e\u4f9b\u7ed9\u9002\u683c\u6027\u786e\u8ba4\u4e66<\/h3>\n<p><a href=\"https:\/\/hpmarine.builderfly.net\/wp-content\/uploads\/2025\/07\/ho-so-phap-ly-5.jpg\"><img decoding=\"async\" class=\"aligncenter wp-image-1824 size-full\" src=\"https:\/\/hpmarine.builderfly.net\/wp-content\/uploads\/2025\/07\/ho-so-phap-ly-5.jpg\" alt=\"Ho So Phap Ly 5\" width=\"435\" height=\"568\" \/><\/a><\/p>\n<p>\u9881\u53d1\u673a\u6784\uff1a\u8d8a\u5357\u6d77\u4e8b\u5c40<\/p>\n<p>\u7f16\u53f7\uff1aM2-2023\/GCN-CHHVN<\/p>\n<p>\u7b7e\u53d1\u65e5\u671f\uff1a2023\u5e7411\u670824\u65e5<\/p>\n<p>\u6709\u6548\u671f\u81f3\uff1a2026\u5e7411\u670816\u65e5<\/p>\n<p>\u8be5\u786e\u8ba4\u4e66\u8bc1\u660e HP Marine \u7b26\u5408\u300a2006\u5e74\u6d77\u4e8b\u52b3\u5de5\u516c\u7ea6\u300b\uff08MLC 2006\uff09\u7684\u89c4\u5b9a\u6761\u4ef6\uff0c\u5177\u5907\u4e3a\u56fd\u5185\u5916\u8239\u961f\u5f00\u5c55\u8239\u5458\u62db\u8058\u4e0e\u4f9b\u7ed9\u7684\u8d44\u8d28\u3002<\/p>\n<h3>3. \u8d8a\u5357\u52b3\u52a1\u4eba\u5458\u5bf9\u5916\u6d3e\u9063\u670d\u52a1\u8bb8\u53ef\u8bc1\uff08\u4f9d\u5408\u540c\u5f62\u5f0f\uff09<\/h3>\n<p><a href=\"https:\/\/hpmarine.builderfly.net\/wp-content\/uploads\/2025\/07\/ho-so-phap-ly-1.jpg\"><img decoding=\"async\" class=\"alignnone wp-image-1828 size-large\" src=\"https:\/\/hpmarine.builderfly.net\/wp-content\/uploads\/2025\/07\/ho-so-phap-ly-1-791x1024.jpg\" alt=\"Ho So Phap Ly 1\" width=\"425\" height=\"558\" \/><\/a> <a href=\"https:\/\/hpmarine.builderfly.net\/wp-content\/uploads\/2025\/07\/ho-so-phap-ly-2.jpg\"><img loading=\"lazy\" decoding=\"async\" class=\"alignnone wp-image-1827 size-full\" src=\"https:\/\/hpmarine.builderfly.net\/wp-content\/uploads\/2025\/07\/ho-so-phap-ly-2.jpg\" alt=\"Ho So Phap Ly 2\" width=\"425\" height=\"558\" \/><\/a><\/p>\n<p>\u9881\u53d1\u673a\u6784\uff1a\u8d8a\u5357\u52b3\u52a8\u2013\u8363\u519b\u4e0e\u793e\u4f1a\u4e8b\u52a1\u90e8<\/p>\n<p>\u8bb8\u53ef\u8bc1\u7f16\u53f7\uff1a50\/L\u0110TBXH-GP<\/p>\n<p>\u7b7e\u53d1\u65e5\u671f\uff1a2022\u5e7412\u670828\u65e5<\/p>\n<p>\u6cd5\u5b9a\u4ee3\u8868\u4eba\uff1a\u9676\u8fdb\u5cf0\u5148\u751f\u2014\u2014\u516c\u53f8\u4e3b\u5e2d<\/p>\n<p>\u8be5\u8bb8\u53ef\u8bc1\u5141\u8bb8 HP Marine \u5168\u9762\u5f00\u5c55\u5c06\u8d8a\u5357\u52b3\u52a1\u4eba\u5458\u6d3e\u9063\u81f3\u6709\u5408\u6cd5\u7528\u5de5\u9700\u6c42\u56fd\u5bb6\u7684\u5404\u9879\u670d\u52a1\uff0c\u786e\u4fdd\u52b3\u52a8\u8005\u7684\u6743\u76ca\u3001\u6536\u5165\u4e0e\u4fdd\u969c\u3002<\/p>\n<h3>4. \u5bf9\u5916\u52b3\u52a1\u5408\u4f5c\u8bb8\u53ef\u8bc1\u516c\u8bc1\u8bd1\u672c<\/h3>\n<p><a href=\"https:\/\/hpmarine.builderfly.net\/wp-content\/uploads\/2025\/07\/ho-so-phap-ly-3.jpg\"><img loading=\"lazy\" decoding=\"async\" class=\"alignnone wp-image-1826 size-full\" src=\"https:\/\/hpmarine.builderfly.net\/wp-content\/uploads\/2025\/07\/ho-so-phap-ly-3.jpg\" alt=\"Ho So Phap Ly 3\" width=\"425\" height=\"558\" \/><\/a> <a href=\"https:\/\/hpmarine.builderfly.net\/wp-content\/uploads\/2025\/07\/ho-so-phap-ly-4.jpg\"><img loading=\"lazy\" decoding=\"async\" class=\"alignnone wp-image-1825 size-full\" src=\"https:\/\/hpmarine.builderfly.net\/wp-content\/uploads\/2025\/07\/ho-so-phap-ly-4.jpg\" alt=\"Ho So Phap Ly 4\" width=\"425\" height=\"558\" \/><\/a><\/p>\n<p>\u7ffb\u8bd1\u53ca\u516c\u8bc1\u5355\u4f4d\uff1a\u6d77\u9632\u5e02\u9ece\u771f\u90e1\u53f8\u6cd5\u5c40<\/p>\n<p>\u516c\u8bc1\u65e5\u671f\uff1a2023\u5e742\u670813\u65e5<\/p>\n<p>\u6b64\u4e3a\u52b3\u52a8\u8bb8\u53ef\u8bc1\u7684\u5408\u6cd5\u516c\u8bc1\u8bd1\u672c\uff0c\u7528\u4e8e\u4e0e\u5916\u56fd\u5408\u4f5c\u4f19\u4f34\u8fdb\u884c\u4ea4\u6613\u4e0e\u7b7e\u8ba2\u5408\u540c\u3002<\/p>\n<h3>5. \u516c\u53f8\u4e1a\u52a1\u4eba\u5458\u540d\u5355\u3002<br \/>\n<img loading=\"lazy\" decoding=\"async\" class=\"aligncenter size-large wp-image-3517\" src=\"https:\/\/hpmarine.builderfly.net\/wp-content\/uploads\/2025\/08\/DS-TRICH-NGANG-724x1024.jpg\" alt=\"Ds Trich Ngang\" width=\"724\" height=\"1024\" srcset=\"https:\/\/hpmarine.builderfly.net\/wp-content\/uploads\/2025\/08\/DS-TRICH-NGANG-724x1024.jpg 724w, https:\/\/hpmarine.builderfly.net\/wp-content\/uploads\/2025\/08\/DS-TRICH-NGANG-212x300.jpg 212w, https:\/\/hpmarine.builderfly.net\/wp-content\/uploads\/2025\/08\/DS-TRICH-NGANG-768x1086.jpg 768w, https:\/\/hpmarine.builderfly.net\/wp-content\/uploads\/2025\/08\/DS-TRICH-NGANG-1086x1536.jpg 1086w, https:\/\/hpmarine.builderfly.net\/wp-content\/uploads\/2025\/08\/DS-TRICH-NGANG-1448x2048.jpg 1448w, https:\/\/hpmarine.builderfly.net\/wp-content\/uploads\/2025\/08\/DS-TRICH-NGANG-8x12.jpg 8w, https:\/\/hpmarine.builderfly.net\/wp-content\/uploads\/2025\/08\/DS-TRICH-NGANG-scaled.jpg 1811w\" sizes=\"(max-width: 724px) 100vw, 724px\" \/><br \/>\n\u7ed3\u8bba<\/h3>\n<p>\u51ed\u501f\u9f50\u5168\u7684\u5408\u6cd5\u8bb8\u53ef\u8bc1\u4e0e\u8ba4\u8bc1\uff0cHP Marine \u575a\u5b9a\u5f70\u663e\u5176\u5728\u8239\u5458\u62db\u8058\u3001\u57f9\u8bad\u3001\u4f9b\u7ed9\u53ca\u52b3\u52a1\u8f93\u51fa\u9886\u57df\u63d0\u4f9b\u9ad8\u8d28\u91cf\u670d\u52a1\u7684\u80fd\u529b\u4e0e\u627f\u8bfa\u3002\u5ba2\u6237\u3001\u5408\u4f5c\u4f19\u4f34\u53ca\u52b3\u52a8\u8005\u5b8c\u5168\u53ef\u4ee5\u653e\u5fc3\u9009\u62e9 HP Marine\uff0c\u4f5c\u4e3a\u56fd\u9645\u804c\u4e1a\u53d1\u5c55\u9053\u8def\u4e0a\u7684\u53ef\u4fe1\u8d56\u4e4b\u9009\u3002<\/p>","protected":false},"excerpt":{"rendered":"<p>C\u00f4ng ty TNHH \u0110\u1ea7u t\u01b0 Th\u01b0\u01a1ng m\u1ea1i v\u00e0 D\u1ecbch v\u1ee5 H\u00e0ng h\u1ea3i H\u1ea3i Ph\u00f2ng (HP MARINE) l\u00e0 \u0111\u01a1n v\u1ecb chuy\u00ean nghi\u1ec7p, uy t\u00edn trong l\u0129nh v\u1ef1c tuy\u1ec3n d\u1ee5ng, \u0111\u00e0o t\u1ea1o v\u00e0 cung \u1ee9ng thuy\u1ec1n vi\u00ean, c\u0169ng nh\u01b0 xu\u1ea5t kh\u1ea9u lao \u0111\u1ed9ng ra n\u01b0\u1edbc ngo\u00e0i theo h\u1ee3p \u0111\u1ed3ng. \u0110\u1ec3 \u0111\u1ea3m b\u1ea3o ho\u1ea1t \u0111\u1ed9ng h\u1ee3p ph\u00e1p, minh [&hellip;]<\/p>","protected":false},"author":1,"featured_media":0,"parent":0,"menu_order":0,"comment_status":"closed","ping_status":"closed","template":"","meta":{"footnotes":""},"class_list":["post-56","page","type-page","status-publish","hentry"],"yoast_head":"<!-- This site is optimized with the Yoast SEO plugin v25.6 - https:\/\/yoast.com\/wordpress\/plugins\/seo\/ -->\n<title>H\u1ed3 s\u01a1 ph\u00e1p l\u00fd - HP MARINE<\/title>\n<meta name=\"robots\" content=\"noindex, follow, max-snippet:-1, max-image-preview:large, max-video-preview:-1\" \/>\n<meta property=\"og:locale\" content=\"zh_CN\" \/>\n<meta property=\"og:type\" content=\"article\" \/>\n<meta property=\"og:title\" content=\"H\u1ed3 s\u01a1 ph\u00e1p l\u00fd - HP MARINE\" \/>\n<meta property=\"og:description\" content=\"C\u00f4ng ty TNHH \u0110\u1ea7u t\u01b0 Th\u01b0\u01a1ng m\u1ea1i v\u00e0 D\u1ecbch v\u1ee5 H\u00e0ng h\u1ea3i H\u1ea3i Ph\u00f2ng (HP MARINE) l\u00e0 \u0111\u01a1n v\u1ecb chuy\u00ean nghi\u1ec7p, uy t\u00edn trong l\u0129nh v\u1ef1c tuy\u1ec3n d\u1ee5ng, \u0111\u00e0o t\u1ea1o v\u00e0 cung \u1ee9ng thuy\u1ec1n vi\u00ean, c\u0169ng nh\u01b0 xu\u1ea5t kh\u1ea9u lao \u0111\u1ed9ng ra n\u01b0\u1edbc ngo\u00e0i theo h\u1ee3p \u0111\u1ed3ng. \u0110\u1ec3 \u0111\u1ea3m b\u1ea3o ho\u1ea1t \u0111\u1ed9ng h\u1ee3p ph\u00e1p, minh [&hellip;]\" \/>\n<meta property=\"og:url\" content=\"https:\/\/hpmarine.builderfly.net\/zh\/ho-so-phap-ly\/\" \/>\n<meta property=\"og:site_name\" content=\"HP MARINE\" \/>\n<meta property=\"article:modified_time\" content=\"2025-08-12T03:04:39+00:00\" \/>\n<meta property=\"og:image\" content=\"https:\/\/hpmarine.builderfly.net\/wp-content\/uploads\/2025\/07\/ho-so-phap-ly-6.jpg\" \/>\n\t<meta property=\"og:image:width\" content=\"927\" \/>\n\t<meta property=\"og:image:height\" content=\"1200\" \/>\n\t<meta property=\"og:image:type\" content=\"image\/jpeg\" \/>\n<meta name=\"twitter:card\" content=\"summary_large_image\" \/>\n<meta name=\"twitter:label1\" content=\"Est. reading time\" \/>\n\t<meta name=\"twitter:data1\" content=\"5 minutes\" \/>\n<script type=\"application\/ld+json\" class=\"yoast-schema-graph\">{\"@context\":\"https:\/\/schema.org\",\"@graph\":[{\"@type\":\"WebPage\",\"@id\":\"https:\/\/hpmarine.builderfly.net\/ho-so-phap-ly\/\",\"url\":\"https:\/\/hpmarine.builderfly.net\/ho-so-phap-ly\/\",\"name\":\"H\u1ed3 s\u01a1 ph\u00e1p l\u00fd - HP MARINE\",\"isPartOf\":{\"@id\":\"https:\/\/hpmarine.builderfly.net\/#website\"},\"primaryImageOfPage\":{\"@id\":\"https:\/\/hpmarine.builderfly.net\/ho-so-phap-ly\/#primaryimage\"},\"image\":{\"@id\":\"https:\/\/hpmarine.builderfly.net\/ho-so-phap-ly\/#primaryimage\"},\"thumbnailUrl\":\"https:\/\/hpmarine.builderfly.net\/wp-content\/uploads\/2025\/07\/ho-so-phap-ly-6.jpg\",\"datePublished\":\"2025-07-27T04:41:49+00:00\",\"dateModified\":\"2025-08-12T03:04:39+00:00\",\"breadcrumb\":{\"@id\":\"https:\/\/hpmarine.builderfly.net\/ho-so-phap-ly\/#breadcrumb\"},\"inLanguage\":\"zh-CN\",\"potentialAction\":[{\"@type\":\"ReadAction\",\"target\":[\"https:\/\/hpmarine.builderfly.net\/ho-so-phap-ly\/\"]}]},{\"@type\":\"ImageObject\",\"inLanguage\":\"zh-CN\",\"@id\":\"https:\/\/hpmarine.builderfly.net\/ho-so-phap-ly\/#primaryimage\",\"url\":\"https:\/\/hpmarine.builderfly.net\/wp-content\/uploads\/2025\/07\/ho-so-phap-ly-6.jpg\",\"contentUrl\":\"https:\/\/hpmarine.builderfly.net\/wp-content\/uploads\/2025\/07\/ho-so-phap-ly-6.jpg\"},{\"@type\":\"BreadcrumbList\",\"@id\":\"https:\/\/hpmarine.builderfly.net\/ho-so-phap-ly\/#breadcrumb\",\"itemListElement\":[{\"@type\":\"ListItem\",\"position\":1,\"name\":\"Trang ch\u1ee7\",\"item\":\"https:\/\/hpmarine.builderfly.net\/\"},{\"@type\":\"ListItem\",\"position\":2,\"name\":\"H\u1ed3 s\u01a1 ph\u00e1p l\u00fd\"}]},{\"@type\":\"WebSite\",\"@id\":\"https:\/\/hpmarine.builderfly.net\/#website\",\"url\":\"https:\/\/hpmarine.builderfly.net\/\",\"name\":\"HP MARINE\",\"description\":\"\",\"publisher\":{\"@id\":\"https:\/\/hpmarine.builderfly.net\/#organization\"},\"potentialAction\":[{\"@type\":\"SearchAction\",\"target\":{\"@type\":\"EntryPoint\",\"urlTemplate\":\"https:\/\/hpmarine.builderfly.net\/?s={search_term_string}\"},\"query-input\":{\"@type\":\"PropertyValueSpecification\",\"valueRequired\":true,\"valueName\":\"search_term_string\"}}],\"inLanguage\":\"zh-CN\"},{\"@type\":\"Organization\",\"@id\":\"https:\/\/hpmarine.builderfly.net\/#organization\",\"name\":\"HP MARINE\",\"url\":\"https:\/\/hpmarine.builderfly.net\/\",\"logo\":{\"@type\":\"ImageObject\",\"inLanguage\":\"zh-CN\",\"@id\":\"https:\/\/hpmarine.builderfly.net\/#\/schema\/logo\/image\/\",\"url\":\"https:\/\/hpmarine.builderfly.net\/wp-content\/uploads\/2025\/07\/HP-Marine-logo-4.png\",\"contentUrl\":\"https:\/\/hpmarine.builderfly.net\/wp-content\/uploads\/2025\/07\/HP-Marine-logo-4.png\",\"width\":1000,\"height\":198,\"caption\":\"HP MARINE\"},\"image\":{\"@id\":\"https:\/\/hpmarine.builderfly.net\/#\/schema\/logo\/image\/\"}}]}<\/script>\n<!-- \/ Yoast SEO plugin. -->","yoast_head_json":{"title":"H\u1ed3 s\u01a1 ph\u00e1p l\u00fd - HP MARINE","robots":{"index":"noindex","follow":"follow","max-snippet":"max-snippet:-1","max-image-preview":"max-image-preview:large","max-video-preview":"max-video-preview:-1"},"og_locale":"zh_CN","og_type":"article","og_title":"H\u1ed3 s\u01a1 ph\u00e1p l\u00fd - HP MARINE","og_description":"C\u00f4ng ty TNHH \u0110\u1ea7u t\u01b0 Th\u01b0\u01a1ng m\u1ea1i v\u00e0 D\u1ecbch v\u1ee5 H\u00e0ng h\u1ea3i H\u1ea3i Ph\u00f2ng (HP MARINE) l\u00e0 \u0111\u01a1n v\u1ecb chuy\u00ean nghi\u1ec7p, uy t\u00edn trong l\u0129nh v\u1ef1c tuy\u1ec3n d\u1ee5ng, \u0111\u00e0o t\u1ea1o v\u00e0 cung \u1ee9ng thuy\u1ec1n vi\u00ean, c\u0169ng nh\u01b0 xu\u1ea5t kh\u1ea9u lao \u0111\u1ed9ng ra n\u01b0\u1edbc ngo\u00e0i theo h\u1ee3p \u0111\u1ed3ng. \u0110\u1ec3 \u0111\u1ea3m b\u1ea3o ho\u1ea1t \u0111\u1ed9ng h\u1ee3p ph\u00e1p, minh [&hellip;]","og_url":"https:\/\/hpmarine.builderfly.net\/zh\/ho-so-phap-ly\/","og_site_name":"HP MARINE","article_modified_time":"2025-08-12T03:04:39+00:00","og_image":[{"width":927,"height":1200,"url":"https:\/\/hpmarine.builderfly.net\/wp-content\/uploads\/2025\/07\/ho-so-phap-ly-6.jpg","type":"image\/jpeg"}],"twitter_card":"summary_large_image","twitter_misc":{"Est. reading time":"5 minutes"},"schema":{"@context":"https:\/\/schema.org","@graph":[{"@type":"WebPage","@id":"https:\/\/hpmarine.builderfly.net\/ho-so-phap-ly\/","url":"https:\/\/hpmarine.builderfly.net\/ho-so-phap-ly\/","name":"H\u1ed3 s\u01a1 ph\u00e1p l\u00fd - HP MARINE","isPartOf":{"@id":"https:\/\/hpmarine.builderfly.net\/#website"},"primaryImageOfPage":{"@id":"https:\/\/hpmarine.builderfly.net\/ho-so-phap-ly\/#primaryimage"},"image":{"@id":"https:\/\/hpmarine.builderfly.net\/ho-so-phap-ly\/#primaryimage"},"thumbnailUrl":"https:\/\/hpmarine.builderfly.net\/wp-content\/uploads\/2025\/07\/ho-so-phap-ly-6.jpg","datePublished":"2025-07-27T04:41:49+00:00","dateModified":"2025-08-12T03:04:39+00:00","breadcrumb":{"@id":"https:\/\/hpmarine.builderfly.net\/ho-so-phap-ly\/#breadcrumb"},"inLanguage":"zh-CN","potentialAction":[{"@type":"ReadAction","target":["https:\/\/hpmarine.builderfly.net\/ho-so-phap-ly\/"]}]},{"@type":"ImageObject","inLanguage":"zh-CN","@id":"https:\/\/hpmarine.builderfly.net\/ho-so-phap-ly\/#primaryimage","url":"https:\/\/hpmarine.builderfly.net\/wp-content\/uploads\/2025\/07\/ho-so-phap-ly-6.jpg","contentUrl":"https:\/\/hpmarine.builderfly.net\/wp-content\/uploads\/2025\/07\/ho-so-phap-ly-6.jpg"},{"@type":"BreadcrumbList","@id":"https:\/\/hpmarine.builderfly.net\/ho-so-phap-ly\/#breadcrumb","itemListElement":[{"@type":"ListItem","position":1,"name":"Trang ch\u1ee7","item":"https:\/\/hpmarine.builderfly.net\/"},{"@type":"ListItem","position":2,"name":"H\u1ed3 s\u01a1 ph\u00e1p l\u00fd"}]},{"@type":"WebSite","@id":"https:\/\/hpmarine.builderfly.net\/#website","url":"https:\/\/hpmarine.builderfly.net\/","name":"HP MARINE","description":"","publisher":{"@id":"https:\/\/hpmarine.builderfly.net\/#organization"},"potentialAction":[{"@type":"SearchAction","target":{"@type":"EntryPoint","urlTemplate":"https:\/\/hpmarine.builderfly.net\/?s={search_term_string}"},"query-input":{"@type":"PropertyValueSpecification","valueRequired":true,"valueName":"search_term_string"}}],"inLanguage":"zh-CN"},{"@type":"Organization","@id":"https:\/\/hpmarine.builderfly.net\/#organization","name":"HP MARINE","url":"https:\/\/hpmarine.builderfly.net\/","logo":{"@type":"ImageObject","inLanguage":"zh-CN","@id":"https:\/\/hpmarine.builderfly.net\/#\/schema\/logo\/image\/","url":"https:\/\/hpmarine.builderfly.net\/wp-content\/uploads\/2025\/07\/HP-Marine-logo-4.png","contentUrl":"https:\/\/hpmarine.builderfly.net\/wp-content\/uploads\/2025\/07\/HP-Marine-logo-4.png","width":1000,"height":198,"caption":"HP MARINE"},"image":{"@id":"https:\/\/hpmarine.builderfly.net\/#\/schema\/logo\/image\/"}}]}},"_links":{"self":[{"href":"https:\/\/hpmarine.builderfly.net\/zh\/wp-json\/wp\/v2\/pages\/56","targetHints":{"allow":["GET"]}}],"collection":[{"href":"https:\/\/hpmarine.builderfly.net\/zh\/wp-json\/wp\/v2\/pages"}],"about":[{"href":"https:\/\/hpmarine.builderfly.net\/zh\/wp-json\/wp\/v2\/types\/page"}],"author":[{"embeddable":true,"href":"https:\/\/hpmarine.builderfly.net\/zh\/wp-json\/wp\/v2\/users\/1"}],"replies":[{"embeddable":true,"href":"https:\/\/hpmarine.builderfly.net\/zh\/wp-json\/wp\/v2\/comments?post=56"}],"version-history":[{"count":0,"href":"https:\/\/hpmarine.builderfly.net\/zh\/wp-json\/wp\/v2\/pages\/56\/revisions"}],"wp:attachment":[{"href":"https:\/\/hpmarine.builderfly.net\/zh\/wp-json\/wp\/v2\/media?parent=56"}],"curies":[{"name":"wp","href":"https:\/\/api.w.org\/{rel}","templated":true}]}}