{"id":58,"date":"2025-07-27T11:41:54","date_gmt":"2025-07-27T04:41:54","guid":{"rendered":"https:\/\/hpmarine.builderfly.net\/?page_id=58"},"modified":"2025-08-12T11:15:46","modified_gmt":"2025-08-12T04:15:46","slug":"co-so-vat-chat","status":"publish","type":"page","link":"https:\/\/hpmarine.builderfly.net\/zh\/co-so-vat-chat\/","title":{"rendered":"\u8bbe\u65bd\u8bbe\u5907"},"content":{"rendered":"<h2>\u73b0\u4ee3\u5316\u8bbe\u65bd\u4f53\u7cfb\u2014\u2014\u4e13\u4e1a\u8239\u5458\u57f9\u8bad\u7684\u575a\u5b9e\u57fa\u7840<\/h2>\n<p>\u4ee5\u63d0\u5347\u6d77\u4e8b\u4eba\u529b\u8d44\u6e90\u8d28\u91cf\u3001\u52a9\u529b\u8d8a\u5357\u8239\u5458\u626c\u5e06\u8fdc\u822a\u4e3a\u4f7f\u547d\uff0cHP Marine \u6295\u8d44\u5efa\u8bbe\u4e86\u4e00\u5957\u5b8c\u5584\u3001\u73b0\u4ee3\u5316\u7684\u8bbe\u65bd\u4f53\u7cfb\uff0c\u7528\u4e8e\u5f00\u5c55\u57f9\u8bad\u3001\u8bad\u7ec3\u3001\u4f4f\u5bbf\u53ca\u5bf9\u8239\u5458\u7684\u5168\u65b9\u4f4d\u652f\u6301\u3002<\/p>\n<h3>1. \u73b0\u4ee3\u5316\u529e\u516c\u8fd0\u8425\u4e2d\u5fc3<\/h3>\n<p>\u5750\u843d\u4e8e\u6d77\u9632\u5e02\u4e2d\u5fc3\u2014\u2014\u5317\u90e8\u91cd\u8981\u7684\u6d77\u4e8b\u95e8\u6237\uff0cHP Marine \u7684\u529e\u516c\u8fd0\u8425\u4e2d\u5fc3\u4ee5\u73b0\u4ee3\u5316\u3001\u4e13\u4e1a\u5316\u8bbe\u8ba1\u800c\u6210\uff0c\u8fd9\u91cc\u662f\uff1a<\/p>\n<p>\u63a5\u6536\u8d44\u6599\u5e76\u4e3a\u52b3\u52a8\u8005\u53ca\u5408\u4f5c\u4f19\u4f34\u63d0\u4f9b\u76f4\u63a5\u54a8\u8be2\u3002<\/p>\n<p>\u7ba1\u7406\u4e0e\u534f\u8c03\u62db\u8058\u3001\u57f9\u8bad\u53ca\u4eba\u529b\u4f9b\u7ed9\u5404\u9879\u6d3b\u52a8\u3002<\/p>\n<p>\u4e0e\u822a\u8fd0\u516c\u53f8\u53ca\u56fd\u9645\u5408\u4f5c\u4f19\u4f34\u8fdb\u884c\u5feb\u901f\u4fe1\u606f\u8054\u7edc\u3002<\/p>\n<p>\u529e\u516c\u7a7a\u95f4\u53cb\u597d\u3001\u8bbe\u65bd\u9f50\u5168\uff0c\u8425\u9020\u9ad8\u6548\u7684\u5de5\u4f5c\u73af\u5883\uff0c\u5e76\u4e3a\u5e94\u8058\u8005\u63d0\u4f9b\u6700\u4f73\u652f\u6301\u3002<\/p>\n<p><img fetchpriority=\"high\" decoding=\"async\" class=\"aligncenter size-large wp-image-3521\" src=\"https:\/\/hpmarine.builderfly.net\/wp-content\/uploads\/2025\/08\/LINH8388-1024x683.jpg\" alt=\"Linh8388\" width=\"800\" height=\"534\" srcset=\"https:\/\/hpmarine.builderfly.net\/wp-content\/uploads\/2025\/08\/LINH8388-1024x683.jpg 1024w, https:\/\/hpmarine.builderfly.net\/wp-content\/uploads\/2025\/08\/LINH8388-300x200.jpg 300w, https:\/\/hpmarine.builderfly.net\/wp-content\/uploads\/2025\/08\/LINH8388-768x512.jpg 768w, https:\/\/hpmarine.builderfly.net\/wp-content\/uploads\/2025\/08\/LINH8388-1536x1024.jpg 1536w, https:\/\/hpmarine.builderfly.net\/wp-content\/uploads\/2025\/08\/LINH8388-18x12.jpg 18w, https:\/\/hpmarine.builderfly.net\/wp-content\/uploads\/2025\/08\/LINH8388.jpg 2048w\" sizes=\"(max-width: 800px) 100vw, 800px\" \/><\/p>\n<p><img decoding=\"async\" class=\"aligncenter size-large wp-image-3526\" src=\"https:\/\/hpmarine.builderfly.net\/wp-content\/uploads\/2025\/08\/z6898495003516_dd3be272b3d8a050a795da4ea4627314-1024x396.jpg\" alt=\"Z6898495003516 Dd3be272b3d8a050a795da4ea4627314\" width=\"800\" height=\"309\" srcset=\"https:\/\/hpmarine.builderfly.net\/wp-content\/uploads\/2025\/08\/z6898495003516_dd3be272b3d8a050a795da4ea4627314-1024x396.jpg 1024w, https:\/\/hpmarine.builderfly.net\/wp-content\/uploads\/2025\/08\/z6898495003516_dd3be272b3d8a050a795da4ea4627314-300x116.jpg 300w, https:\/\/hpmarine.builderfly.net\/wp-content\/uploads\/2025\/08\/z6898495003516_dd3be272b3d8a050a795da4ea4627314-768x297.jpg 768w, https:\/\/hpmarine.builderfly.net\/wp-content\/uploads\/2025\/08\/z6898495003516_dd3be272b3d8a050a795da4ea4627314-1536x593.jpg 1536w, https:\/\/hpmarine.builderfly.net\/wp-content\/uploads\/2025\/08\/z6898495003516_dd3be272b3d8a050a795da4ea4627314-18x7.jpg 18w, https:\/\/hpmarine.builderfly.net\/wp-content\/uploads\/2025\/08\/z6898495003516_dd3be272b3d8a050a795da4ea4627314.jpg 2048w\" sizes=\"(max-width: 800px) 100vw, 800px\" \/><\/p>\n<p><img decoding=\"async\" class=\"aligncenter  wp-image-3523\" src=\"https:\/\/hpmarine.builderfly.net\/wp-content\/uploads\/2025\/08\/z6898495022702_e418f4f70a08b20cf2f39deaaaab73d5-768x1024.jpg\" alt=\"Z6898495022702 E418f4f70a08b20cf2f39deaaaab73d5\" width=\"781\" height=\"1041\" srcset=\"https:\/\/hpmarine.builderfly.net\/wp-content\/uploads\/2025\/08\/z6898495022702_e418f4f70a08b20cf2f39deaaaab73d5-768x1024.jpg 768w, https:\/\/hpmarine.builderfly.net\/wp-content\/uploads\/2025\/08\/z6898495022702_e418f4f70a08b20cf2f39deaaaab73d5-225x300.jpg 225w, https:\/\/hpmarine.builderfly.net\/wp-content\/uploads\/2025\/08\/z6898495022702_e418f4f70a08b20cf2f39deaaaab73d5-1152x1536.jpg 1152w, https:\/\/hpmarine.builderfly.net\/wp-content\/uploads\/2025\/08\/z6898495022702_e418f4f70a08b20cf2f39deaaaab73d5-9x12.jpg 9w, https:\/\/hpmarine.builderfly.net\/wp-content\/uploads\/2025\/08\/z6898495022702_e418f4f70a08b20cf2f39deaaaab73d5.jpg 1536w\" sizes=\"(max-width: 781px) 100vw, 781px\" \/><img loading=\"lazy\" decoding=\"async\" class=\"aligncenter size-large wp-image-3524\" src=\"https:\/\/hpmarine.builderfly.net\/wp-content\/uploads\/2025\/08\/z6898495028549_1dabed4e9ae3977f5f6fcb6dbf0eba72-1024x768.jpg\" alt=\"Z6898495028549 1dabed4e9ae3977f5f6fcb6dbf0eba72\" width=\"800\" height=\"600\" srcset=\"https:\/\/hpmarine.builderfly.net\/wp-content\/uploads\/2025\/08\/z6898495028549_1dabed4e9ae3977f5f6fcb6dbf0eba72-1024x768.jpg 1024w, https:\/\/hpmarine.builderfly.net\/wp-content\/uploads\/2025\/08\/z6898495028549_1dabed4e9ae3977f5f6fcb6dbf0eba72-300x225.jpg 300w, https:\/\/hpmarine.builderfly.net\/wp-content\/uploads\/2025\/08\/z6898495028549_1dabed4e9ae3977f5f6fcb6dbf0eba72-768x576.jpg 768w, https:\/\/hpmarine.builderfly.net\/wp-content\/uploads\/2025\/08\/z6898495028549_1dabed4e9ae3977f5f6fcb6dbf0eba72-1536x1152.jpg 1536w, https:\/\/hpmarine.builderfly.net\/wp-content\/uploads\/2025\/08\/z6898495028549_1dabed4e9ae3977f5f6fcb6dbf0eba72-16x12.jpg 16w, https:\/\/hpmarine.builderfly.net\/wp-content\/uploads\/2025\/08\/z6898495028549_1dabed4e9ae3977f5f6fcb6dbf0eba72.jpg 2048w\" sizes=\"(max-width: 800px) 100vw, 800px\" \/><\/p>\n<p><img loading=\"lazy\" decoding=\"async\" class=\"aligncenter size-large wp-image-3525\" src=\"https:\/\/hpmarine.builderfly.net\/wp-content\/uploads\/2025\/08\/z6898495025593_e66c838b42d3d9655a62a8f003e8d9df-1024x768.jpg\" alt=\"Z6898495025593 E66c838b42d3d9655a62a8f003e8d9df\" width=\"800\" height=\"600\" srcset=\"https:\/\/hpmarine.builderfly.net\/wp-content\/uploads\/2025\/08\/z6898495025593_e66c838b42d3d9655a62a8f003e8d9df-1024x768.jpg 1024w, https:\/\/hpmarine.builderfly.net\/wp-content\/uploads\/2025\/08\/z6898495025593_e66c838b42d3d9655a62a8f003e8d9df-300x225.jpg 300w, https:\/\/hpmarine.builderfly.net\/wp-content\/uploads\/2025\/08\/z6898495025593_e66c838b42d3d9655a62a8f003e8d9df-768x576.jpg 768w, https:\/\/hpmarine.builderfly.net\/wp-content\/uploads\/2025\/08\/z6898495025593_e66c838b42d3d9655a62a8f003e8d9df-1536x1152.jpg 1536w, https:\/\/hpmarine.builderfly.net\/wp-content\/uploads\/2025\/08\/z6898495025593_e66c838b42d3d9655a62a8f003e8d9df-16x12.jpg 16w, https:\/\/hpmarine.builderfly.net\/wp-content\/uploads\/2025\/08\/z6898495025593_e66c838b42d3d9655a62a8f003e8d9df.jpg 2048w\" sizes=\"(max-width: 800px) 100vw, 800px\" \/><\/p>\n<h3>2. \u6d77\u4e8b\u4e13\u4e1a\u57f9\u8bad\u4e2d\u5fc3<\/h3>\n<p>HP Marine \u81ea\u8c6a\u62e5\u6709\u7b26\u5408\u89c4\u8303\u6807\u51c6\u7684\u4e13\u4e1a\u8239\u5458\u57f9\u8bad\u4e2d\u5fc3\u3002\u8be5\u4e2d\u5fc3\u914d\u5907\u5b8c\u5584\u7684\u5404\u7c7b\u529f\u80fd\u6559\u5ba4\uff1a<\/p>\n<p>\u7406\u8bba\u6559\u5ba4\u914d\u5907\u6295\u5f71\u4eea\u3001\u4e92\u52a8\u767d\u677f\u53ca\u5b9e\u7269\u6a21\u578b\u3002<\/p>\n<p>\u4e1a\u52a1\u5b9e\u8bad\u5ba4\uff1a\u914d\u5907\u673a\u8231\u6a21\u62df\u5668\u3001\u63a7\u5236\u53f0\u3001\u6551\u751f\u8bbe\u5907\u7b49\u3002<\/p>\n<p>\u6d77\u4e8b\u4e13\u4e1a\u82f1\u8bed\u6559\u5ba4\uff1a\u57f9\u517b\u8239\u5458\u7684\u5b9e\u9645\u4ea4\u6d41\u80fd\u529b\uff0c\u52a9\u529b\u5176\u5728\u56fd\u9645\u73af\u5883\u4e2d\u5de5\u4f5c\u3002<\/p>\n<p>\u6b64\u5916\uff0c\u57f9\u8bad\u4e2d\u5fc3\u7ecf\u5e38\u7ec4\u7ec7\u5404\u7c7b\u8f6f\u6280\u80fd\u8bad\u7ec3\u8bfe\u7a0b\uff1a\u6d77\u4e0a\u5e94\u6025\u5904\u7f6e\u3001\u591a\u5143\u6587\u5316\u4ea4\u6d41\u3001\u57fa\u7840\u6d77\u4e8b\u533b\u7597\u7b49\u3002<\/p>\n<p><img loading=\"lazy\" decoding=\"async\" class=\"aligncenter size-large wp-image-3527\" src=\"https:\/\/hpmarine.builderfly.net\/wp-content\/uploads\/2025\/08\/z6509530289450_d95d2e2eba2a98d7c9029d41427d572a-1024x576.jpg\" alt=\"Z6509530289450 D95d2e2eba2a98d7c9029d41427d572a\" width=\"800\" height=\"450\" srcset=\"https:\/\/hpmarine.builderfly.net\/wp-content\/uploads\/2025\/08\/z6509530289450_d95d2e2eba2a98d7c9029d41427d572a-1024x576.jpg 1024w, https:\/\/hpmarine.builderfly.net\/wp-content\/uploads\/2025\/08\/z6509530289450_d95d2e2eba2a98d7c9029d41427d572a-300x169.jpg 300w, https:\/\/hpmarine.builderfly.net\/wp-content\/uploads\/2025\/08\/z6509530289450_d95d2e2eba2a98d7c9029d41427d572a-768x432.jpg 768w, https:\/\/hpmarine.builderfly.net\/wp-content\/uploads\/2025\/08\/z6509530289450_d95d2e2eba2a98d7c9029d41427d572a-1536x864.jpg 1536w, https:\/\/hpmarine.builderfly.net\/wp-content\/uploads\/2025\/08\/z6509530289450_d95d2e2eba2a98d7c9029d41427d572a-2048x1152.jpg 2048w, https:\/\/hpmarine.builderfly.net\/wp-content\/uploads\/2025\/08\/z6509530289450_d95d2e2eba2a98d7c9029d41427d572a-18x10.jpg 18w\" sizes=\"(max-width: 800px) 100vw, 800px\" \/><\/p>\n<p><img loading=\"lazy\" decoding=\"async\" class=\"aligncenter size-large wp-image-3528\" src=\"https:\/\/hpmarine.builderfly.net\/wp-content\/uploads\/2025\/08\/z6898495037174_3da0978939c185dcb44932a22b68dd25-1024x768.jpg\" alt=\"Z6898495037174 3da0978939c185dcb44932a22b68dd25\" width=\"800\" height=\"600\" srcset=\"https:\/\/hpmarine.builderfly.net\/wp-content\/uploads\/2025\/08\/z6898495037174_3da0978939c185dcb44932a22b68dd25-1024x768.jpg 1024w, https:\/\/hpmarine.builderfly.net\/wp-content\/uploads\/2025\/08\/z6898495037174_3da0978939c185dcb44932a22b68dd25-300x225.jpg 300w, https:\/\/hpmarine.builderfly.net\/wp-content\/uploads\/2025\/08\/z6898495037174_3da0978939c185dcb44932a22b68dd25-768x576.jpg 768w, https:\/\/hpmarine.builderfly.net\/wp-content\/uploads\/2025\/08\/z6898495037174_3da0978939c185dcb44932a22b68dd25-1536x1152.jpg 1536w, https:\/\/hpmarine.builderfly.net\/wp-content\/uploads\/2025\/08\/z6898495037174_3da0978939c185dcb44932a22b68dd25-16x12.jpg 16w, https:\/\/hpmarine.builderfly.net\/wp-content\/uploads\/2025\/08\/z6898495037174_3da0978939c185dcb44932a22b68dd25.jpg 2048w\" sizes=\"(max-width: 800px) 100vw, 800px\" \/><\/p>\n<p><img loading=\"lazy\" decoding=\"async\" class=\"aligncenter size-large wp-image-3532\" src=\"https:\/\/hpmarine.builderfly.net\/wp-content\/uploads\/2025\/08\/z6602826514031_a377c43f87dd073279637cca70c68a8d-1024x768.jpg\" alt=\"Z6602826514031 A377c43f87dd073279637cca70c68a8d\" width=\"800\" height=\"600\" srcset=\"https:\/\/hpmarine.builderfly.net\/wp-content\/uploads\/2025\/08\/z6602826514031_a377c43f87dd073279637cca70c68a8d-1024x768.jpg 1024w, https:\/\/hpmarine.builderfly.net\/wp-content\/uploads\/2025\/08\/z6602826514031_a377c43f87dd073279637cca70c68a8d-300x225.jpg 300w, https:\/\/hpmarine.builderfly.net\/wp-content\/uploads\/2025\/08\/z6602826514031_a377c43f87dd073279637cca70c68a8d-768x576.jpg 768w, https:\/\/hpmarine.builderfly.net\/wp-content\/uploads\/2025\/08\/z6602826514031_a377c43f87dd073279637cca70c68a8d-1536x1152.jpg 1536w, https:\/\/hpmarine.builderfly.net\/wp-content\/uploads\/2025\/08\/z6602826514031_a377c43f87dd073279637cca70c68a8d-2048x1536.jpg 2048w, https:\/\/hpmarine.builderfly.net\/wp-content\/uploads\/2025\/08\/z6602826514031_a377c43f87dd073279637cca70c68a8d-16x12.jpg 16w\" sizes=\"(max-width: 800px) 100vw, 800px\" \/><\/p>\n<p><img loading=\"lazy\" decoding=\"async\" class=\"aligncenter size-full wp-image-3530\" src=\"https:\/\/hpmarine.builderfly.net\/wp-content\/uploads\/2025\/08\/90052498_3509014955781076_2540092604301705216_n.jpg\" alt=\"90052498 3509014955781076 2540092604301705216 N\" width=\"960\" height=\"464\" srcset=\"https:\/\/hpmarine.builderfly.net\/wp-content\/uploads\/2025\/08\/90052498_3509014955781076_2540092604301705216_n.jpg 960w, https:\/\/hpmarine.builderfly.net\/wp-content\/uploads\/2025\/08\/90052498_3509014955781076_2540092604301705216_n-300x145.jpg 300w, https:\/\/hpmarine.builderfly.net\/wp-content\/uploads\/2025\/08\/90052498_3509014955781076_2540092604301705216_n-768x371.jpg 768w, https:\/\/hpmarine.builderfly.net\/wp-content\/uploads\/2025\/08\/90052498_3509014955781076_2540092604301705216_n-18x9.jpg 18w\" sizes=\"(max-width: 960px) 100vw, 960px\" \/><\/p>\n<p><img loading=\"lazy\" decoding=\"async\" class=\"aligncenter size-large wp-image-3531\" src=\"https:\/\/hpmarine.builderfly.net\/wp-content\/uploads\/2025\/08\/z6245800195477_af1c9fdc110c01619fd0479eac31e926-1024x768.jpg\" alt=\"Z6245800195477 Af1c9fdc110c01619fd0479eac31e926\" width=\"800\" height=\"600\" srcset=\"https:\/\/hpmarine.builderfly.net\/wp-content\/uploads\/2025\/08\/z6245800195477_af1c9fdc110c01619fd0479eac31e926-1024x768.jpg 1024w, https:\/\/hpmarine.builderfly.net\/wp-content\/uploads\/2025\/08\/z6245800195477_af1c9fdc110c01619fd0479eac31e926-300x225.jpg 300w, https:\/\/hpmarine.builderfly.net\/wp-content\/uploads\/2025\/08\/z6245800195477_af1c9fdc110c01619fd0479eac31e926-768x576.jpg 768w, https:\/\/hpmarine.builderfly.net\/wp-content\/uploads\/2025\/08\/z6245800195477_af1c9fdc110c01619fd0479eac31e926-16x12.jpg 16w, https:\/\/hpmarine.builderfly.net\/wp-content\/uploads\/2025\/08\/z6245800195477_af1c9fdc110c01619fd0479eac31e926.jpg 1280w\" sizes=\"(max-width: 800px) 100vw, 800px\" \/><\/p>\n<h3>3. \u5b66\u5458\u5bbf\u820d\u533a<\/h3>\n<p>\u4e3a\u4fdd\u969c\u5b66\u5458\u5728\u6574\u4e2a\u57f9\u8bad\u8fc7\u7a0b\u4e2d\u7684\u98df\u5bbf\u6761\u4ef6\uff0cHP Marine \u8bbe\u6709\u4e13\u95e8\u7684\u5b66\u5458\u5bbf\u820d\u533a\uff1a<\/p>\n<p>\u5bbf\u820d\u4e3a\u72ec\u7acb\u623f\u95f4\uff0c\u5e72\u51c0\u6574\u6d01\uff0c\u914d\u5907\u7a7a\u8c03\u3001\u5e8a\u4f4d\u53ca\u72ec\u7acb\u536b\u751f\u95f4\u3002<\/p>\n<p>\u5b9e\u884c 24 \u5c0f\u65f6\u5b89\u4fdd\uff0c\u8425\u9020\u5065\u5eb7\u7684\u751f\u6d3b\u73af\u5883\uff0c\u7eaa\u5f8b\u8981\u6c42\u5982\u540c\u5728\u8239\u4e0a\u3002<\/p>\n<p>\u5730\u5740\uff1a\u6d77\u9632\u5e02\u5434\u6743\u90e1\u4e1c\u6eaa\u574a C\u00e1t Bi \u673a\u573a\u4e94\u5c94\u8def\u65b0\u533a 28B \u533a\u5730\u5757\u7b2c 05 \u53f7\uff0c\u8bbe\u6709 15 \u95f4\u53cc\u4eba\u623f\uff0c\u603b\u9762\u79ef 378 \u5e73\u65b9\u7c73\u3002<\/p>\n<p><img loading=\"lazy\" decoding=\"async\" class=\"aligncenter size-full wp-image-3534\" src=\"https:\/\/hpmarine.builderfly.net\/wp-content\/uploads\/2025\/08\/z6898607270692_7ee495cf3758f427186126f9f7339ff1.jpg\" alt=\"Z6898607270692 7ee495cf3758f427186126f9f7339ff1\" width=\"697\" height=\"472\" srcset=\"https:\/\/hpmarine.builderfly.net\/wp-content\/uploads\/2025\/08\/z6898607270692_7ee495cf3758f427186126f9f7339ff1.jpg 697w, https:\/\/hpmarine.builderfly.net\/wp-content\/uploads\/2025\/08\/z6898607270692_7ee495cf3758f427186126f9f7339ff1-300x203.jpg 300w, https:\/\/hpmarine.builderfly.net\/wp-content\/uploads\/2025\/08\/z6898607270692_7ee495cf3758f427186126f9f7339ff1-18x12.jpg 18w\" sizes=\"(max-width: 697px) 100vw, 697px\" \/><\/p>\n<p><img loading=\"lazy\" decoding=\"async\" class=\"aligncenter size-full wp-image-3535\" src=\"https:\/\/hpmarine.builderfly.net\/wp-content\/uploads\/2025\/08\/z6898608461663_b788c2c34a64a154641ca0e9aa20ad93.jpg\" alt=\"Z6898608461663 B788c2c34a64a154641ca0e9aa20ad93\" width=\"689\" height=\"460\" srcset=\"https:\/\/hpmarine.builderfly.net\/wp-content\/uploads\/2025\/08\/z6898608461663_b788c2c34a64a154641ca0e9aa20ad93.jpg 689w, https:\/\/hpmarine.builderfly.net\/wp-content\/uploads\/2025\/08\/z6898608461663_b788c2c34a64a154641ca0e9aa20ad93-300x200.jpg 300w, https:\/\/hpmarine.builderfly.net\/wp-content\/uploads\/2025\/08\/z6898608461663_b788c2c34a64a154641ca0e9aa20ad93-18x12.jpg 18w\" sizes=\"(max-width: 689px) 100vw, 689px\" \/><\/p>\n<h3>4. \u73b0\u4ee3\u5316\u57f9\u8bad\u8bbe\u5907<\/h3>\n<p>\u6574\u4e2a\u57f9\u8bad\u4f53\u7cfb\u914d\u5907\u7b26\u5408\u56fd\u9645\u6807\u51c6\u7684\u6559\u5b66\u8bbe\u5907\uff1a<\/p>\n<p>\u8239\u8236\u9a7e\u9a76\u8231\u4e0e\u673a\u8231\u6a21\u62df\u5668\u3002<\/p>\n<p>\u6d88\u9632\u3001\u9003\u751f\u3001\u533b\u7597\u6025\u6551\u53ca GPS \u5b9a\u4f4d\u5b9e\u8bad\u8bbe\u5907\u3002<\/p>\n<p>\u5b9e\u8239\u6a21\u578b\u3001\u6551\u751f\u7b4f\u3001\u6551\u751f\u8863\u3001\u7ef3\u68af\u53ca\u5404\u7c7b\u5e94\u6025\u6f14\u7ec3\u6a21\u62df\u5de5\u5177\u3002<\/p>\n<p>\u501f\u6b64\uff0c\u5b66\u5458\u80fd\u591f\u505a\u5230\u201c\u5b66\u4ee5\u81f4\u7528\u201d\uff0c\u5728\u51fa\u6d77\u524d\u719f\u7ec3\u638c\u63e1\u5404\u9879\u6280\u80fd\uff0c\u4ece\u800c\u5145\u5206\u6ee1\u8db3\u56fd\u9645\u822a\u8fd0\u516c\u53f8\u7684\u4e25\u683c\u8981\u6c42\u3002<\/p>\n<h3>\u7ed3\u8bba<\/h3>\n<p>HP Marine \u73b0\u4ee3\u5316\u3001\u540c\u6b65\u5316\u7684\u8bbe\u65bd\u4f53\u7cfb\uff0c\u4e0d\u4ec5\u6ee1\u8db3\u4e13\u4e1a\u57f9\u8bad\u7684\u8981\u6c42\uff0c\u66f4\u4e3a\u6bcf\u4e00\u540d\u8239\u5458\u7684\u6210\u957f\u3001\u7eaa\u5f8b\u4e0e\u6bc5\u529b\u5960\u5b9a\u575a\u5b9e\u57fa\u7840\u3002\u8fd9\u6b63\u662f\u52b3\u52a8\u8005\u81ea\u4fe1\u878d\u5165\u5e76\u62d3\u5c55\u5168\u7403\u6d77\u4e8b\u4e1a\u7684\u6709\u529b\u652f\u6491\u3002<\/p>","protected":false},"excerpt":{"rendered":"<p>H\u1ec7 th\u1ed1ng c\u01a1 s\u1edf v\u1eadt ch\u1ea5t hi\u1ec7n \u0111\u1ea1i \u2013 n\u1ec1n t\u1ea3ng cho \u0111\u00e0o t\u1ea1o thuy\u1ec1n vi\u00ean chuy\u00ean nghi\u1ec7p V\u1edbi s\u1ee9 m\u1ec7nh n\u00e2ng cao ch\u1ea5t l\u01b0\u1ee3ng ngu\u1ed3n nh\u00e2n l\u1ef1c h\u00e0ng h\u1ea3i v\u00e0 \u0111\u01b0a thuy\u1ec1n vi\u00ean Vi\u1ec7t Nam v\u01b0\u01a1n ra bi\u1ec3n l\u1edbn, HP Marine \u0111\u00e3 \u0111\u1ea7u t\u01b0 x\u00e2y d\u1ef1ng m\u1ed9t h\u1ec7 th\u1ed1ng c\u01a1 s\u1edf v\u1eadt ch\u1ea5t \u0111\u1ed3ng [&hellip;]<\/p>","protected":false},"author":1,"featured_media":0,"parent":0,"menu_order":0,"comment_status":"closed","ping_status":"closed","template":"","meta":{"footnotes":""},"class_list":["post-58","page","type-page","status-publish","hentry"],"yoast_head":"<!-- This site is optimized with the Yoast SEO plugin v25.6 - https:\/\/yoast.com\/wordpress\/plugins\/seo\/ -->\n<title>C\u01a1 s\u1edf v\u1eadt ch\u1ea5t - HP MARINE<\/title>\n<meta name=\"robots\" content=\"noindex, follow, max-snippet:-1, max-image-preview:large, max-video-preview:-1\" \/>\n<meta property=\"og:locale\" content=\"zh_CN\" \/>\n<meta property=\"og:type\" content=\"article\" \/>\n<meta property=\"og:title\" content=\"C\u01a1 s\u1edf v\u1eadt ch\u1ea5t - HP MARINE\" \/>\n<meta property=\"og:description\" content=\"H\u1ec7 th\u1ed1ng c\u01a1 s\u1edf v\u1eadt ch\u1ea5t hi\u1ec7n \u0111\u1ea1i \u2013 n\u1ec1n t\u1ea3ng cho \u0111\u00e0o t\u1ea1o thuy\u1ec1n vi\u00ean chuy\u00ean nghi\u1ec7p V\u1edbi s\u1ee9 m\u1ec7nh n\u00e2ng cao ch\u1ea5t l\u01b0\u1ee3ng ngu\u1ed3n nh\u00e2n l\u1ef1c h\u00e0ng h\u1ea3i v\u00e0 \u0111\u01b0a thuy\u1ec1n vi\u00ean Vi\u1ec7t Nam v\u01b0\u01a1n ra bi\u1ec3n l\u1edbn, HP Marine \u0111\u00e3 \u0111\u1ea7u t\u01b0 x\u00e2y d\u1ef1ng m\u1ed9t h\u1ec7 th\u1ed1ng c\u01a1 s\u1edf v\u1eadt ch\u1ea5t \u0111\u1ed3ng [&hellip;]\" \/>\n<meta property=\"og:url\" content=\"https:\/\/hpmarine.builderfly.net\/zh\/co-so-vat-chat\/\" \/>\n<meta property=\"og:site_name\" content=\"HP MARINE\" \/>\n<meta property=\"article:modified_time\" content=\"2025-08-12T04:15:46+00:00\" \/>\n<meta property=\"og:image\" content=\"https:\/\/hpmarine.builderfly.net\/wp-content\/uploads\/2025\/08\/LINH8388-1024x683.jpg\" \/>\n\t<meta property=\"og:image:width\" content=\"1024\" \/>\n\t<meta property=\"og:image:height\" content=\"683\" \/>\n\t<meta property=\"og:image:type\" content=\"image\/jpeg\" \/>\n<meta name=\"twitter:card\" content=\"summary_large_image\" \/>\n<meta name=\"twitter:label1\" content=\"Est. reading time\" \/>\n\t<meta name=\"twitter:data1\" content=\"6 minutes\" \/>\n<script type=\"application\/ld+json\" class=\"yoast-schema-graph\">{\"@context\":\"https:\/\/schema.org\",\"@graph\":[{\"@type\":\"WebPage\",\"@id\":\"https:\/\/hpmarine.builderfly.net\/co-so-vat-chat\/\",\"url\":\"https:\/\/hpmarine.builderfly.net\/co-so-vat-chat\/\",\"name\":\"C\u01a1 s\u1edf v\u1eadt ch\u1ea5t - HP MARINE\",\"isPartOf\":{\"@id\":\"https:\/\/hpmarine.builderfly.net\/#website\"},\"primaryImageOfPage\":{\"@id\":\"https:\/\/hpmarine.builderfly.net\/co-so-vat-chat\/#primaryimage\"},\"image\":{\"@id\":\"https:\/\/hpmarine.builderfly.net\/co-so-vat-chat\/#primaryimage\"},\"thumbnailUrl\":\"https:\/\/hpmarine.builderfly.net\/wp-content\/uploads\/2025\/08\/LINH8388-1024x683.jpg\",\"datePublished\":\"2025-07-27T04:41:54+00:00\",\"dateModified\":\"2025-08-12T04:15:46+00:00\",\"breadcrumb\":{\"@id\":\"https:\/\/hpmarine.builderfly.net\/co-so-vat-chat\/#breadcrumb\"},\"inLanguage\":\"zh-CN\",\"potentialAction\":[{\"@type\":\"ReadAction\",\"target\":[\"https:\/\/hpmarine.builderfly.net\/co-so-vat-chat\/\"]}]},{\"@type\":\"ImageObject\",\"inLanguage\":\"zh-CN\",\"@id\":\"https:\/\/hpmarine.builderfly.net\/co-so-vat-chat\/#primaryimage\",\"url\":\"https:\/\/hpmarine.builderfly.net\/wp-content\/uploads\/2025\/08\/LINH8388-1024x683.jpg\",\"contentUrl\":\"https:\/\/hpmarine.builderfly.net\/wp-content\/uploads\/2025\/08\/LINH8388-1024x683.jpg\"},{\"@type\":\"BreadcrumbList\",\"@id\":\"https:\/\/hpmarine.builderfly.net\/co-so-vat-chat\/#breadcrumb\",\"itemListElement\":[{\"@type\":\"ListItem\",\"position\":1,\"name\":\"Trang ch\u1ee7\",\"item\":\"https:\/\/hpmarine.builderfly.net\/\"},{\"@type\":\"ListItem\",\"position\":2,\"name\":\"C\u01a1 s\u1edf v\u1eadt ch\u1ea5t\"}]},{\"@type\":\"WebSite\",\"@id\":\"https:\/\/hpmarine.builderfly.net\/#website\",\"url\":\"https:\/\/hpmarine.builderfly.net\/\",\"name\":\"HP MARINE\",\"description\":\"\",\"publisher\":{\"@id\":\"https:\/\/hpmarine.builderfly.net\/#organization\"},\"potentialAction\":[{\"@type\":\"SearchAction\",\"target\":{\"@type\":\"EntryPoint\",\"urlTemplate\":\"https:\/\/hpmarine.builderfly.net\/?s={search_term_string}\"},\"query-input\":{\"@type\":\"PropertyValueSpecification\",\"valueRequired\":true,\"valueName\":\"search_term_string\"}}],\"inLanguage\":\"zh-CN\"},{\"@type\":\"Organization\",\"@id\":\"https:\/\/hpmarine.builderfly.net\/#organization\",\"name\":\"HP MARINE\",\"url\":\"https:\/\/hpmarine.builderfly.net\/\",\"logo\":{\"@type\":\"ImageObject\",\"inLanguage\":\"zh-CN\",\"@id\":\"https:\/\/hpmarine.builderfly.net\/#\/schema\/logo\/image\/\",\"url\":\"https:\/\/hpmarine.builderfly.net\/wp-content\/uploads\/2025\/07\/HP-Marine-logo-4.png\",\"contentUrl\":\"https:\/\/hpmarine.builderfly.net\/wp-content\/uploads\/2025\/07\/HP-Marine-logo-4.png\",\"width\":1000,\"height\":198,\"caption\":\"HP MARINE\"},\"image\":{\"@id\":\"https:\/\/hpmarine.builderfly.net\/#\/schema\/logo\/image\/\"}}]}<\/script>\n<!-- \/ Yoast SEO plugin. -->","yoast_head_json":{"title":"C\u01a1 s\u1edf v\u1eadt ch\u1ea5t - HP MARINE","robots":{"index":"noindex","follow":"follow","max-snippet":"max-snippet:-1","max-image-preview":"max-image-preview:large","max-video-preview":"max-video-preview:-1"},"og_locale":"zh_CN","og_type":"article","og_title":"C\u01a1 s\u1edf v\u1eadt ch\u1ea5t - HP MARINE","og_description":"H\u1ec7 th\u1ed1ng c\u01a1 s\u1edf v\u1eadt ch\u1ea5t hi\u1ec7n \u0111\u1ea1i \u2013 n\u1ec1n t\u1ea3ng cho \u0111\u00e0o t\u1ea1o thuy\u1ec1n vi\u00ean chuy\u00ean nghi\u1ec7p V\u1edbi s\u1ee9 m\u1ec7nh n\u00e2ng cao ch\u1ea5t l\u01b0\u1ee3ng ngu\u1ed3n nh\u00e2n l\u1ef1c h\u00e0ng h\u1ea3i v\u00e0 \u0111\u01b0a thuy\u1ec1n vi\u00ean Vi\u1ec7t Nam v\u01b0\u01a1n ra bi\u1ec3n l\u1edbn, HP Marine \u0111\u00e3 \u0111\u1ea7u t\u01b0 x\u00e2y d\u1ef1ng m\u1ed9t h\u1ec7 th\u1ed1ng c\u01a1 s\u1edf v\u1eadt ch\u1ea5t \u0111\u1ed3ng [&hellip;]","og_url":"https:\/\/hpmarine.builderfly.net\/zh\/co-so-vat-chat\/","og_site_name":"HP MARINE","article_modified_time":"2025-08-12T04:15:46+00:00","og_image":[{"width":1024,"height":683,"url":"https:\/\/hpmarine.builderfly.net\/wp-content\/uploads\/2025\/08\/LINH8388-1024x683.jpg","type":"image\/jpeg"}],"twitter_card":"summary_large_image","twitter_misc":{"Est. reading time":"6 minutes"},"schema":{"@context":"https:\/\/schema.org","@graph":[{"@type":"WebPage","@id":"https:\/\/hpmarine.builderfly.net\/co-so-vat-chat\/","url":"https:\/\/hpmarine.builderfly.net\/co-so-vat-chat\/","name":"C\u01a1 s\u1edf v\u1eadt ch\u1ea5t - HP MARINE","isPartOf":{"@id":"https:\/\/hpmarine.builderfly.net\/#website"},"primaryImageOfPage":{"@id":"https:\/\/hpmarine.builderfly.net\/co-so-vat-chat\/#primaryimage"},"image":{"@id":"https:\/\/hpmarine.builderfly.net\/co-so-vat-chat\/#primaryimage"},"thumbnailUrl":"https:\/\/hpmarine.builderfly.net\/wp-content\/uploads\/2025\/08\/LINH8388-1024x683.jpg","datePublished":"2025-07-27T04:41:54+00:00","dateModified":"2025-08-12T04:15:46+00:00","breadcrumb":{"@id":"https:\/\/hpmarine.builderfly.net\/co-so-vat-chat\/#breadcrumb"},"inLanguage":"zh-CN","potentialAction":[{"@type":"ReadAction","target":["https:\/\/hpmarine.builderfly.net\/co-so-vat-chat\/"]}]},{"@type":"ImageObject","inLanguage":"zh-CN","@id":"https:\/\/hpmarine.builderfly.net\/co-so-vat-chat\/#primaryimage","url":"https:\/\/hpmarine.builderfly.net\/wp-content\/uploads\/2025\/08\/LINH8388-1024x683.jpg","contentUrl":"https:\/\/hpmarine.builderfly.net\/wp-content\/uploads\/2025\/08\/LINH8388-1024x683.jpg"},{"@type":"BreadcrumbList","@id":"https:\/\/hpmarine.builderfly.net\/co-so-vat-chat\/#breadcrumb","itemListElement":[{"@type":"ListItem","position":1,"name":"Trang ch\u1ee7","item":"https:\/\/hpmarine.builderfly.net\/"},{"@type":"ListItem","position":2,"name":"C\u01a1 s\u1edf v\u1eadt ch\u1ea5t"}]},{"@type":"WebSite","@id":"https:\/\/hpmarine.builderfly.net\/#website","url":"https:\/\/hpmarine.builderfly.net\/","name":"HP MARINE","description":"","publisher":{"@id":"https:\/\/hpmarine.builderfly.net\/#organization"},"potentialAction":[{"@type":"SearchAction","target":{"@type":"EntryPoint","urlTemplate":"https:\/\/hpmarine.builderfly.net\/?s={search_term_string}"},"query-input":{"@type":"PropertyValueSpecification","valueRequired":true,"valueName":"search_term_string"}}],"inLanguage":"zh-CN"},{"@type":"Organization","@id":"https:\/\/hpmarine.builderfly.net\/#organization","name":"HP MARINE","url":"https:\/\/hpmarine.builderfly.net\/","logo":{"@type":"ImageObject","inLanguage":"zh-CN","@id":"https:\/\/hpmarine.builderfly.net\/#\/schema\/logo\/image\/","url":"https:\/\/hpmarine.builderfly.net\/wp-content\/uploads\/2025\/07\/HP-Marine-logo-4.png","contentUrl":"https:\/\/hpmarine.builderfly.net\/wp-content\/uploads\/2025\/07\/HP-Marine-logo-4.png","width":1000,"height":198,"caption":"HP MARINE"},"image":{"@id":"https:\/\/hpmarine.builderfly.net\/#\/schema\/logo\/image\/"}}]}},"_links":{"self":[{"href":"https:\/\/hpmarine.builderfly.net\/zh\/wp-json\/wp\/v2\/pages\/58","targetHints":{"allow":["GET"]}}],"collection":[{"href":"https:\/\/hpmarine.builderfly.net\/zh\/wp-json\/wp\/v2\/pages"}],"about":[{"href":"https:\/\/hpmarine.builderfly.net\/zh\/wp-json\/wp\/v2\/types\/page"}],"author":[{"embeddable":true,"href":"https:\/\/hpmarine.builderfly.net\/zh\/wp-json\/wp\/v2\/users\/1"}],"replies":[{"embeddable":true,"href":"https:\/\/hpmarine.builderfly.net\/zh\/wp-json\/wp\/v2\/comments?post=58"}],"version-history":[{"count":0,"href":"https:\/\/hpmarine.builderfly.net\/zh\/wp-json\/wp\/v2\/pages\/58\/revisions"}],"wp:attachment":[{"href":"https:\/\/hpmarine.builderfly.net\/zh\/wp-json\/wp\/v2\/media?parent=58"}],"curies":[{"name":"wp","href":"https:\/\/api.w.org\/{rel}","templated":true}]}}