{"id":62,"date":"2025-07-27T11:47:03","date_gmt":"2025-07-27T04:47:03","guid":{"rendered":"https:\/\/hpmarine.builderfly.net\/?page_id=62"},"modified":"2025-07-31T16:16:10","modified_gmt":"2025-07-31T09:16:10","slug":"tuyen-dung-dao-tao-thuyen-vien","status":"publish","type":"page","link":"https:\/\/hpmarine.builderfly.net\/zh\/tuyen-dung-dao-tao-thuyen-vien\/","title":{"rendered":"\u8239\u5458\u62db\u8058\u4e0e\u57f9\u8bad"},"content":{"rendered":"<p>\u62db\u8058\u3001\u57f9\u8bad\u4e0e\u63d0\u5347\u6d77\u5458\uff0c\u4ee5\u6ee1\u8db3\u8239\u4e1c\u8981\u6c42\u53ca\u300a\u6d77\u5458\u57f9\u8bad\u3001\u53d1\u8bc1\u548c\u503c\u73ed\u6807\u51c6\u56fd\u9645\u516c\u7ea6\u300b\uff08STCW78\/2010\uff09\u7684\u89c4\u5b9a\uff1b<\/p>\n<h2>\u57f9\u8bad\u4e0e\u8bad\u7ec3\u8bfe\u7a0b\uff1a<\/h2>\n<h3>\u4e00\u3001\u7535\u5b50\u6d77\u56fe\u663e\u793a\u4e0e\u4fe1\u606f\u7cfb\u7edf\u57f9\u8bad\u8bfe\u7a0b\uff08ECDIS\u57f9\u8bad\u8bfe\u7a0b\uff09<\/h3>\n<p>\u4e3a\u4e0eEPSILON HELLAS\u96c6\u56e2\u5408\u4f5c\u6295\u8d44\uff0cHP MARINE\u516c\u53f8\u5df2\u914d\u5907\u5728\u7ebf\u57f9\u8bad\u8ba1\u7b97\u673a\u7cfb\u7edf\uff0c\u7528\u4e8e\u4e3aFURUNO\u516c\u53f8\u8239\u5458\u63d0\u4f9b\u7535\u5b50\u6d77\u56fe\u7cfb\u7edf\uff08ECDIS\uff09\u8ba4\u8bc1\u57f9\u8bad\uff0c\u6db5\u76d6\u4ee5\u4e0b\u578b\u53f7\uff1a<\/p>\n<p>1. FURUNO FEA 2017\/2018 NavSkills CAT\uff08\u8ba1\u7b97\u673a\u8f85\u52a9\u57f9\u8bad\u7cfb\u7edf\uff09<\/p>\n<p>2. FURUNO FMD 3100\/3200\/3300 \u2014\u2014 \u8ba1\u7b97\u673a\u57fa\u7840\u57f9\u8bad\u8bfe\u7a0b\uff08\u5728\u7ebf\uff09<\/p>\n<p>HP MARINE\u6301\u7eed\u5728\u516c\u53f8\u57f9\u8bad\u5ba4\u8fdb\u884c\u62db\u751f\u548c\u57f9\u8bad\u3002<\/p>\n<h3>\u4e8c\u3001\u6d77\u4e8b\u82f1\u8bed\u57f9\u8bad\u8bfe\u7a0b\uff08Maritime English Training Course\uff09<\/h3>\n<p>\u4e0e\u7531\u65e5\u672c\u5168\u65e5\u672c\u6c34\u624b\u5de5\u4f1a\uff08JSU\uff09\u8d44\u52a9\u7684\u201c\u8d8a\u5357\u8239\u5458\u7d20\u8d28\u63d0\u5347\u9879\u76ee\u201d\u5408\u4f5c\uff0c\u516c\u53f8\u6301\u7eed\u9009\u62d4\u8239\u5458\u53c2\u52a0\u4e3a\u671f1\u4e2a\u6708\u53ca4\u4e2a\u6708\u7684\u82f1\u8bed\u53ca\u822a\u6d77\u4e13\u4e1a\u57f9\u8bad\u8bfe\u7a0b\u3002<\/p>","protected":false},"excerpt":{"rendered":"<p>Tuy\u1ec3n d\u1ee5ng, \u0111\u00e0o t\u1ea1o c\u1eadp nh\u1eadt v\u00e0 n\u00e2ng cao thuy\u1ec1n vi\u00ean h\u00e0ng h\u1ea3i \u0111\u00e1p \u1ee9ng c\u00e1c y\u00eau c\u1ea7u c\u1ee7a ch\u1ee7 t\u1ea7u v\u00e0 C\u00f4ng \u01b0\u1edbc qu\u1ed1c t\u1ebf v\u1ec1 \u0110\u00e0o t\u1ea1o, C\u1ea5p b\u1eb1ng v\u00e0 Tr\u1ef1c ca cho thuy\u1ec1n vi\u00ean (STCW78\/2010); C\u00c1C KH\u00d3A \u0110\u00c0O T\u1ea0O V\u00c0 HU\u1ea4N LUY\u1ec6N: I- KH\u00d3A HU\u1ea4N LUY\u1ec6N H\u1ea2I \u0110\u1ed2 \u0110I\u1ec6N T\u1eec &#8211; ECDIS [&hellip;]<\/p>","protected":false},"author":1,"featured_media":0,"parent":0,"menu_order":0,"comment_status":"closed","ping_status":"closed","template":"","meta":{"footnotes":""},"class_list":["post-62","page","type-page","status-publish","hentry"],"yoast_head":"<!-- This site is optimized with the Yoast SEO plugin v25.6 - https:\/\/yoast.com\/wordpress\/plugins\/seo\/ -->\n<title>Tuy\u1ec3n d\u1ee5ng \u0111\u00e0o t\u1ea1o thuy\u1ec1n vi\u00ean - HP MARINE<\/title>\n<meta name=\"robots\" content=\"noindex, follow, max-snippet:-1, max-image-preview:large, max-video-preview:-1\" \/>\n<meta property=\"og:locale\" content=\"zh_CN\" \/>\n<meta property=\"og:type\" content=\"article\" \/>\n<meta property=\"og:title\" content=\"Tuy\u1ec3n d\u1ee5ng \u0111\u00e0o t\u1ea1o thuy\u1ec1n vi\u00ean - HP MARINE\" \/>\n<meta property=\"og:description\" content=\"Tuy\u1ec3n d\u1ee5ng, \u0111\u00e0o t\u1ea1o c\u1eadp nh\u1eadt v\u00e0 n\u00e2ng cao thuy\u1ec1n vi\u00ean h\u00e0ng h\u1ea3i \u0111\u00e1p \u1ee9ng c\u00e1c y\u00eau c\u1ea7u c\u1ee7a ch\u1ee7 t\u1ea7u v\u00e0 C\u00f4ng \u01b0\u1edbc qu\u1ed1c t\u1ebf v\u1ec1 \u0110\u00e0o t\u1ea1o, C\u1ea5p b\u1eb1ng v\u00e0 Tr\u1ef1c ca cho thuy\u1ec1n vi\u00ean (STCW78\/2010); C\u00c1C KH\u00d3A \u0110\u00c0O T\u1ea0O V\u00c0 HU\u1ea4N LUY\u1ec6N: I- KH\u00d3A HU\u1ea4N LUY\u1ec6N H\u1ea2I \u0110\u1ed2 \u0110I\u1ec6N T\u1eec &#8211; ECDIS [&hellip;]\" \/>\n<meta property=\"og:url\" content=\"https:\/\/hpmarine.builderfly.net\/zh\/tuyen-dung-dao-tao-thuyen-vien\/\" \/>\n<meta property=\"og:site_name\" content=\"HP MARINE\" \/>\n<meta property=\"article:modified_time\" content=\"2025-07-31T09:16:10+00:00\" \/>\n<meta name=\"twitter:card\" content=\"summary_large_image\" \/>\n<meta name=\"twitter:label1\" content=\"Est. reading time\" \/>\n\t<meta name=\"twitter:data1\" content=\"2 minutes\" \/>\n<script type=\"application\/ld+json\" class=\"yoast-schema-graph\">{\"@context\":\"https:\/\/schema.org\",\"@graph\":[{\"@type\":\"WebPage\",\"@id\":\"https:\/\/hpmarine.builderfly.net\/tuyen-dung-dao-tao-thuyen-vien\/\",\"url\":\"https:\/\/hpmarine.builderfly.net\/tuyen-dung-dao-tao-thuyen-vien\/\",\"name\":\"Tuy\u1ec3n d\u1ee5ng \u0111\u00e0o t\u1ea1o thuy\u1ec1n vi\u00ean - HP MARINE\",\"isPartOf\":{\"@id\":\"https:\/\/hpmarine.builderfly.net\/#website\"},\"datePublished\":\"2025-07-27T04:47:03+00:00\",\"dateModified\":\"2025-07-31T09:16:10+00:00\",\"breadcrumb\":{\"@id\":\"https:\/\/hpmarine.builderfly.net\/tuyen-dung-dao-tao-thuyen-vien\/#breadcrumb\"},\"inLanguage\":\"zh-CN\",\"potentialAction\":[{\"@type\":\"ReadAction\",\"target\":[\"https:\/\/hpmarine.builderfly.net\/tuyen-dung-dao-tao-thuyen-vien\/\"]}]},{\"@type\":\"BreadcrumbList\",\"@id\":\"https:\/\/hpmarine.builderfly.net\/tuyen-dung-dao-tao-thuyen-vien\/#breadcrumb\",\"itemListElement\":[{\"@type\":\"ListItem\",\"position\":1,\"name\":\"Trang ch\u1ee7\",\"item\":\"https:\/\/hpmarine.builderfly.net\/\"},{\"@type\":\"ListItem\",\"position\":2,\"name\":\"Tuy\u1ec3n d\u1ee5ng \u0111\u00e0o t\u1ea1o thuy\u1ec1n vi\u00ean\"}]},{\"@type\":\"WebSite\",\"@id\":\"https:\/\/hpmarine.builderfly.net\/#website\",\"url\":\"https:\/\/hpmarine.builderfly.net\/\",\"name\":\"HP MARINE\",\"description\":\"\",\"publisher\":{\"@id\":\"https:\/\/hpmarine.builderfly.net\/#organization\"},\"potentialAction\":[{\"@type\":\"SearchAction\",\"target\":{\"@type\":\"EntryPoint\",\"urlTemplate\":\"https:\/\/hpmarine.builderfly.net\/?s={search_term_string}\"},\"query-input\":{\"@type\":\"PropertyValueSpecification\",\"valueRequired\":true,\"valueName\":\"search_term_string\"}}],\"inLanguage\":\"zh-CN\"},{\"@type\":\"Organization\",\"@id\":\"https:\/\/hpmarine.builderfly.net\/#organization\",\"name\":\"HP MARINE\",\"url\":\"https:\/\/hpmarine.builderfly.net\/\",\"logo\":{\"@type\":\"ImageObject\",\"inLanguage\":\"zh-CN\",\"@id\":\"https:\/\/hpmarine.builderfly.net\/#\/schema\/logo\/image\/\",\"url\":\"https:\/\/hpmarine.builderfly.net\/wp-content\/uploads\/2025\/07\/HP-Marine-logo-4.png\",\"contentUrl\":\"https:\/\/hpmarine.builderfly.net\/wp-content\/uploads\/2025\/07\/HP-Marine-logo-4.png\",\"width\":1000,\"height\":198,\"caption\":\"HP MARINE\"},\"image\":{\"@id\":\"https:\/\/hpmarine.builderfly.net\/#\/schema\/logo\/image\/\"}}]}<\/script>\n<!-- \/ Yoast SEO plugin. -->","yoast_head_json":{"title":"Tuy\u1ec3n d\u1ee5ng \u0111\u00e0o t\u1ea1o thuy\u1ec1n vi\u00ean - HP MARINE","robots":{"index":"noindex","follow":"follow","max-snippet":"max-snippet:-1","max-image-preview":"max-image-preview:large","max-video-preview":"max-video-preview:-1"},"og_locale":"zh_CN","og_type":"article","og_title":"Tuy\u1ec3n d\u1ee5ng \u0111\u00e0o t\u1ea1o thuy\u1ec1n vi\u00ean - HP MARINE","og_description":"Tuy\u1ec3n d\u1ee5ng, \u0111\u00e0o t\u1ea1o c\u1eadp nh\u1eadt v\u00e0 n\u00e2ng cao thuy\u1ec1n vi\u00ean h\u00e0ng h\u1ea3i \u0111\u00e1p \u1ee9ng c\u00e1c y\u00eau c\u1ea7u c\u1ee7a ch\u1ee7 t\u1ea7u v\u00e0 C\u00f4ng \u01b0\u1edbc qu\u1ed1c t\u1ebf v\u1ec1 \u0110\u00e0o t\u1ea1o, C\u1ea5p b\u1eb1ng v\u00e0 Tr\u1ef1c ca cho thuy\u1ec1n vi\u00ean (STCW78\/2010); C\u00c1C KH\u00d3A \u0110\u00c0O T\u1ea0O V\u00c0 HU\u1ea4N LUY\u1ec6N: I- KH\u00d3A HU\u1ea4N LUY\u1ec6N H\u1ea2I \u0110\u1ed2 \u0110I\u1ec6N T\u1eec &#8211; ECDIS [&hellip;]","og_url":"https:\/\/hpmarine.builderfly.net\/zh\/tuyen-dung-dao-tao-thuyen-vien\/","og_site_name":"HP MARINE","article_modified_time":"2025-07-31T09:16:10+00:00","twitter_card":"summary_large_image","twitter_misc":{"Est. reading time":"2 minutes"},"schema":{"@context":"https:\/\/schema.org","@graph":[{"@type":"WebPage","@id":"https:\/\/hpmarine.builderfly.net\/tuyen-dung-dao-tao-thuyen-vien\/","url":"https:\/\/hpmarine.builderfly.net\/tuyen-dung-dao-tao-thuyen-vien\/","name":"Tuy\u1ec3n d\u1ee5ng \u0111\u00e0o t\u1ea1o thuy\u1ec1n vi\u00ean - HP MARINE","isPartOf":{"@id":"https:\/\/hpmarine.builderfly.net\/#website"},"datePublished":"2025-07-27T04:47:03+00:00","dateModified":"2025-07-31T09:16:10+00:00","breadcrumb":{"@id":"https:\/\/hpmarine.builderfly.net\/tuyen-dung-dao-tao-thuyen-vien\/#breadcrumb"},"inLanguage":"zh-CN","potentialAction":[{"@type":"ReadAction","target":["https:\/\/hpmarine.builderfly.net\/tuyen-dung-dao-tao-thuyen-vien\/"]}]},{"@type":"BreadcrumbList","@id":"https:\/\/hpmarine.builderfly.net\/tuyen-dung-dao-tao-thuyen-vien\/#breadcrumb","itemListElement":[{"@type":"ListItem","position":1,"name":"Trang ch\u1ee7","item":"https:\/\/hpmarine.builderfly.net\/"},{"@type":"ListItem","position":2,"name":"Tuy\u1ec3n d\u1ee5ng \u0111\u00e0o t\u1ea1o thuy\u1ec1n vi\u00ean"}]},{"@type":"WebSite","@id":"https:\/\/hpmarine.builderfly.net\/#website","url":"https:\/\/hpmarine.builderfly.net\/","name":"HP MARINE","description":"","publisher":{"@id":"https:\/\/hpmarine.builderfly.net\/#organization"},"potentialAction":[{"@type":"SearchAction","target":{"@type":"EntryPoint","urlTemplate":"https:\/\/hpmarine.builderfly.net\/?s={search_term_string}"},"query-input":{"@type":"PropertyValueSpecification","valueRequired":true,"valueName":"search_term_string"}}],"inLanguage":"zh-CN"},{"@type":"Organization","@id":"https:\/\/hpmarine.builderfly.net\/#organization","name":"HP MARINE","url":"https:\/\/hpmarine.builderfly.net\/","logo":{"@type":"ImageObject","inLanguage":"zh-CN","@id":"https:\/\/hpmarine.builderfly.net\/#\/schema\/logo\/image\/","url":"https:\/\/hpmarine.builderfly.net\/wp-content\/uploads\/2025\/07\/HP-Marine-logo-4.png","contentUrl":"https:\/\/hpmarine.builderfly.net\/wp-content\/uploads\/2025\/07\/HP-Marine-logo-4.png","width":1000,"height":198,"caption":"HP MARINE"},"image":{"@id":"https:\/\/hpmarine.builderfly.net\/#\/schema\/logo\/image\/"}}]}},"_links":{"self":[{"href":"https:\/\/hpmarine.builderfly.net\/zh\/wp-json\/wp\/v2\/pages\/62","targetHints":{"allow":["GET"]}}],"collection":[{"href":"https:\/\/hpmarine.builderfly.net\/zh\/wp-json\/wp\/v2\/pages"}],"about":[{"href":"https:\/\/hpmarine.builderfly.net\/zh\/wp-json\/wp\/v2\/types\/page"}],"author":[{"embeddable":true,"href":"https:\/\/hpmarine.builderfly.net\/zh\/wp-json\/wp\/v2\/users\/1"}],"replies":[{"embeddable":true,"href":"https:\/\/hpmarine.builderfly.net\/zh\/wp-json\/wp\/v2\/comments?post=62"}],"version-history":[{"count":0,"href":"https:\/\/hpmarine.builderfly.net\/zh\/wp-json\/wp\/v2\/pages\/62\/revisions"}],"wp:attachment":[{"href":"https:\/\/hpmarine.builderfly.net\/zh\/wp-json\/wp\/v2\/media?parent=62"}],"curies":[{"name":"wp","href":"https:\/\/api.w.org\/{rel}","templated":true}]}}